{"id":21248,"date":"2025-04-08T12:49:02","date_gmt":"2025-04-08T09:49:02","guid":{"rendered":"https:\/\/ctn.fi\/politica-de-privacidad\/"},"modified":"2025-04-08T12:49:33","modified_gmt":"2025-04-08T09:49:33","slug":"politica-de-privacidad","status":"publish","type":"page","link":"https:\/\/ctn.fi\/es\/politica-de-privacidad\/","title":{"rendered":"Pol\u00edtica de privacidad"},"content":{"rendered":"<p><div class=\"fusion-fullwidth fullwidth-box fusion-builder-row-1 fusion-flex-container nonhundred-percent-fullwidth non-hundred-percent-height-scrolling\" style=\"--awb-border-radius-top-left:0px;--awb-border-radius-top-right:0px;--awb-border-radius-bottom-right:0px;--awb-border-radius-bottom-left:0px;--awb-padding-top:0px;--awb-flex-wrap:wrap;\" ><div class=\"fusion-builder-row fusion-row fusion-flex-align-items-flex-start fusion-flex-content-wrap\" style=\"max-width:1144px;margin-left: calc(-4% \/ 2 );margin-right: calc(-4% \/ 2 );\"><div class=\"fusion-layout-column fusion_builder_column fusion-builder-column-0 fusion_builder_column_1_1 1_1 fusion-flex-column\" style=\"--awb-bg-size:cover;--awb-width-large:100%;--awb-margin-top-large:0px;--awb-spacing-right-large:1.92%;--awb-margin-bottom-large:20px;--awb-spacing-left-large:1.92%;--awb-width-medium:100%;--awb-order-medium:0;--awb-spacing-right-medium:1.92%;--awb-spacing-left-medium:1.92%;--awb-width-small:100%;--awb-order-small:0;--awb-spacing-right-small:1.92%;--awb-spacing-left-small:1.92%;\"><div class=\"fusion-column-wrapper fusion-column-has-shadow fusion-flex-justify-content-flex-start fusion-content-layout-column\"><div class=\"fusion-text fusion-text-1\"><h1 style=\"text-align: center;\">Pol\u00edtica de privacidad<\/h1>\n<\/div><\/div><\/div><\/div><\/div><div class=\"fusion-fullwidth fullwidth-box fusion-builder-row-2 fusion-flex-container nonhundred-percent-fullwidth non-hundred-percent-height-scrolling\" style=\"--awb-border-radius-top-left:0px;--awb-border-radius-top-right:0px;--awb-border-radius-bottom-right:0px;--awb-border-radius-bottom-left:0px;--awb-flex-wrap:wrap;\" ><div class=\"fusion-builder-row fusion-row fusion-flex-align-items-flex-start fusion-flex-content-wrap\" style=\"max-width:1144px;margin-left: calc(-4% \/ 2 );margin-right: calc(-4% \/ 2 );\"><div class=\"fusion-layout-column fusion_builder_column fusion-builder-column-1 fusion_builder_column_1_1 1_1 fusion-flex-column\" style=\"--awb-bg-size:cover;--awb-width-large:100%;--awb-margin-top-large:0px;--awb-spacing-right-large:1.92%;--awb-margin-bottom-large:20px;--awb-spacing-left-large:1.92%;--awb-width-medium:100%;--awb-order-medium:0;--awb-spacing-right-medium:1.92%;--awb-spacing-left-medium:1.92%;--awb-width-small:100%;--awb-order-small:0;--awb-spacing-right-small:1.92%;--awb-spacing-left-small:1.92%;\"><div class=\"fusion-column-wrapper fusion-column-has-shadow fusion-flex-justify-content-flex-start fusion-content-layout-column\"><div class=\"fusion-text fusion-text-2\"><h3><\/h3>\n<p>Fecha de entrada en vigor: 8 de abril de 2025<\/p>\n<p><span style=\"color: var(--awb-text-color); font-family: var(--awb-text-font-family); font-size: var(--awb-font-size); font-style: var(--awb-text-font-style); font-weight: var(--awb-text-font-weight); letter-spacing: var(--awb-letter-spacing); text-align: var(--awb-content-alignment); text-transform: var(--awb-text-transform); background-color: var(--awb-bg-color-hover);\">CTN respeta tu privacidad y se compromete a proteger tus datos personales. Esta Pol\u00edtica de Privacidad describe los tipos de informaci\u00f3n que recogemos en www.ctn.fi (el \u00abSitio\u00bb), c\u00f3mo utilizamos y compartimos esa informaci\u00f3n, los derechos y opciones que tienes, y las medidas que tomamos para salvaguardarla. <\/span><\/p>\n<p><span style=\"color: var(--h3_typography-color); font-family: var(--h3_typography-font-family); font-size: var(--h3_typography-font-size); font-style: var(--h3_typography-font-style,normal); font-weight: var(--h3_typography-font-weight); letter-spacing: var(--h3_typography-letter-spacing); text-transform: var(--h3_typography-text-transform); text-align: var(--awb-content-alignment); background-color: var(--awb-bg-color-hover);\">Informaci\u00f3n que obtenemos<\/span><\/p>\n<p>Puedes proporcionarnos datos personales de varias formas, por ejemplo<\/p>\n<p>&#8211; Rellenar formularios de contacto o de solicitud de presupuesto (incluidos los que utilizan servicios de terceros como HeadQ.io);<\/p>\n<p>&#8211; Enviar consultas o comentarios por correo electr\u00f3nico;<\/p>\n<p>&#8211; Inscribirse en boletines o eventos.<\/p>\n<p>La informaci\u00f3n que recopilamos puede incluir tu nombre, direcci\u00f3n de correo electr\u00f3nico, n\u00famero de tel\u00e9fono, nombre de la empresa y cualquier otro detalle que decidas compartir.<\/p>\n<p><span style=\"color: var(--awb-text-color); font-family: var(--awb-text-font-family); font-size: var(--awb-font-size); font-style: var(--awb-text-font-style); font-weight: var(--awb-text-font-weight); letter-spacing: var(--awb-letter-spacing); text-align: var(--awb-content-alignment); text-transform: var(--awb-text-transform); background-color: var(--awb-bg-color-hover);\">Aunque no est\u00e1s obligado a proporcionar informaci\u00f3n personal, elegir no hacerlo puede limitar tu capacidad para utilizar ciertas funciones del Sitio.<\/span><\/p>\n<p><span style=\"background-color: var(--awb-bg-color-hover); color: var(--h3_typography-color); font-family: var(--h3_typography-font-family); font-size: var(--h3_typography-font-size); font-style: var(--h3_typography-font-style,normal); font-weight: var(--h3_typography-font-weight); letter-spacing: var(--h3_typography-letter-spacing); text-align: var(--awb-content-alignment); text-transform: var(--h3_typography-text-transform);\">C\u00f3mo utilizamos la informaci\u00f3n que obtenemos<\/span><\/p>\n<p>Podemos utilizar los datos personales que recopilamos para:<\/p>\n<p>&#8211; Procesar y responder a consultas, solicitudes de presupuesto u otras presentaciones;<\/p>\n<p>&#8211; Proporcionar y mejorar nuestros servicios;<\/p>\n<p>&#8211; Personalizar tu experiencia en el Sitio;<\/p>\n<p>&#8211; Comunicarnos contigo sobre productos, servicios, actualizaciones y ofertas;<\/p>\n<p>&#8211; Analizar el uso y mejorar el rendimiento del Sitio;<\/p>\n<p>&#8211; Cumplir obligaciones legales y proteger nuestros derechos.<\/p>\n<p>Cuando es necesario, procesamos tu informaci\u00f3n personal bas\u00e1ndonos en tu consentimiento, nuestras obligaciones contractuales o nuestros intereses leg\u00edtimos (como el funcionamiento y la mejora del Sitio).<\/p>\n<h3>Recogida automatizada de datos<\/h3>\n<p>Cuando utilizas el Sitio, podemos obtener cierta informaci\u00f3n por medios automatizados, como las cookies del navegador. La informaci\u00f3n que obtenemos de este modo puede incluir la direcci\u00f3n IP de tu dispositivo, el nombre de dominio, los identificadores asociados a tus dispositivos, el tipo y las caracter\u00edsticas del dispositivo y del sistema operativo, las caracter\u00edsticas del navegador web, las preferencias de idioma, los datos de flujo de clics, tus interacciones con el Sitio (como las p\u00e1ginas web que visitas, los enlaces en los que haces clic y las funciones que utilizas), las p\u00e1ginas que te llevaron o te remitieron al Sitio, las fechas y horas de acceso al Sitio y otra informaci\u00f3n sobre tu uso del Sitio. <\/p>\n<p>Una \u00abcookie\u00bb es un archivo de texto que los sitios web env\u00edan al ordenador de un visitante o a otro dispositivo conectado a Internet para identificar de forma exclusiva el navegador del visitante o para almacenar informaci\u00f3n o ajustes en el navegador. Esta tecnolog\u00eda nos ayuda a (1) recordar tu informaci\u00f3n para que no tengas que volver a introducirla; (2) rastrear y comprender c\u00f3mo utilizas el Sitio e interact\u00faas con \u00e9l; (3) adaptar el Sitio a tus preferencias; (4) medir la facilidad de uso del Sitio; (5) comprender la eficacia de nuestras comunicaciones; y (6) gestionar y mejorar el Sitio de otras formas. <\/p>\n<p>En la medida en que lo exija la legislaci\u00f3n aplicable, obtendremos tu consentimiento antes de colocar cookies o tecnolog\u00edas similares en tu ordenador. Puedes impedir que se descarguen ciertos tipos de cookies en tu ordenador seleccionando la configuraci\u00f3n adecuada en tu navegador web. La mayor\u00eda de los navegadores web te indicar\u00e1n c\u00f3mo dejar de aceptar nuevas cookies del navegador, c\u00f3mo recibir una notificaci\u00f3n cuando recibas una nueva cookie del navegador y c\u00f3mo desactivar las cookies existentes. Puedes averiguar c\u00f3mo hacer esto para tu navegador en particular haciendo clic en \u00abayuda\u00bb en el men\u00fa de tu navegador o visitando www.allaboutcookies.org. El Sitio no est\u00e1 dise\u00f1ado para responder a las se\u00f1ales de \u00abno rastrear\u00bb recibidas de los navegadores. Ten en cuenta que, sin cookies u otras herramientas automatizadas, es posible que no puedas utilizar todas las funciones del Sitio.     <\/p>\n<p>No obtenemos informaci\u00f3n personal sobre tus actividades en l\u00ednea de tiempo y a trav\u00e9s de sitios web de terceros, dispositivos y otros servicios en l\u00ednea. En el Sitio, utilizamos servicios de an\u00e1lisis en l\u00ednea de terceros, como los de Google Analytics. Los proveedores de servicios que administran estos servicios anal\u00edticos utilizan tecnolog\u00edas automatizadas para recopilar datos (como direcci\u00f3n de correo electr\u00f3nico, direcciones IP, cookies y otros identificadores de dispositivos) para evaluar, por ejemplo, el uso del Sitio y diagnosticar problemas t\u00e9cnicos. Para obtener m\u00e1s informaci\u00f3n sobre Google Analytics, visita <a href=\"https:\/\/marketingplatform.google.com\/about\/\" target=\"_blank\" rel=\"noopener\">www.google.com\/analytics\/learn\/privacy.html.<\/a>   <\/p>\n<h3>Intercambio de informaci\u00f3n<\/h3>\n<p>No revelamos la informaci\u00f3n personal que obtenemos sobre ti, excepto en los casos descritos en esta Pol\u00edtica de privacidad. Podemos compartir tu informaci\u00f3n personal con nuestras (1) subsidiarias y filiales y (2) proveedores de servicios que prestan servicios en nuestro nombre, como el an\u00e1lisis de datos, para los fines descritos en esta Pol\u00edtica de Privacidad. No autorizamos a nuestros proveedores de servicios a utilizar o divulgar la informaci\u00f3n, salvo en la medida en que sea necesario para prestar servicios en nuestro nombre o cumplir requisitos legales.  <\/p>\n<p>Tambi\u00e9n podemos revelar informaci\u00f3n sobre ti (1) si as\u00ed nos lo exige la ley o un proceso legal (como una orden judicial o una citaci\u00f3n); (2) en respuesta a solicitudes de organismos gubernamentales, como las autoridades policiales; (3) para establecer, ejercer o defender nuestros derechos legales; (4) cuando creamos que la divulgaci\u00f3n es necesaria o apropiada para evitar da\u00f1os f\u00edsicos o de otro tipo o p\u00e9rdidas econ\u00f3micas; (5) en relaci\u00f3n con una investigaci\u00f3n de una actividad ilegal presunta o real; (6) en caso de que vendamos o transfiramos la totalidad o una parte de nuestro negocio o activos (incluso en caso de reorganizaci\u00f3n, disoluci\u00f3n o liquidaci\u00f3n); o (7) de otro modo con tu consentimiento.<\/p>\n<h3>Transferencias de datos<\/h3>\n<p>Podemos transferir la informaci\u00f3n personal que recopilamos sobre ti a destinatarios (incluidas nuestras subsidiarias y filiales, y proveedores de servicios externos) en pa\u00edses distintos del pa\u00eds en el que se recopil\u00f3 la informaci\u00f3n originalmente. Esos pa\u00edses pueden no tener las mismas leyes de protecci\u00f3n de datos que el pa\u00eds en el que proporcionaste inicialmente la informaci\u00f3n. <\/p>\n<p>Cuando transfiramos tu informaci\u00f3n a destinatarios de otros pa\u00edses (como EE.UU.), protegeremos esa informaci\u00f3n como se describe en esta Pol\u00edtica de Privacidad.<\/p>\n<h3>Tus derechos y opciones<\/h3>\n<p>En la medida prevista por la legislaci\u00f3n aplicable, puedes (1) solicitar acceso a la informaci\u00f3n personal que conservamos sobre ti; (2) solicitar que actualicemos, corrijamos, modifiquemos, borremos o restrinjamos la informaci\u00f3n; o (3) ejercer tu derecho a la portabilidad de datos, poni\u00e9ndote en contacto con nosotros como se indica a continuaci\u00f3n. Dependiendo de tu ubicaci\u00f3n, puedes tener derecho a presentar una reclamaci\u00f3n ante un regulador gubernamental si no est\u00e1s satisfecho con nuestra respuesta. En los casos previstos por la ley, puedes retirar cualquier consentimiento que nos hayas proporcionado previamente u oponerte en cualquier momento al tratamiento de tus datos personales por motivos leg\u00edtimos relacionados con tu situaci\u00f3n particular, y aplicaremos tus preferencias en lo sucesivo. Para ayudar a proteger tu privacidad y mantener la seguridad, podemos tomar medidas para verificar tu identidad antes de concederte acceso a tu informaci\u00f3n. En la medida en que lo permita la legislaci\u00f3n aplicable, puede aplicarse un cargo antes de que te proporcionemos una copia de cualquiera de tus datos personales que conservemos.    <\/p>\n<h3><\/h3>\n<p>Servicios e integraciones de terceros<\/p>\n<p>Podemos utilizar proveedores de servicios de terceros en el Sitio, como HeadQ.io, para habilitar funciones como los formularios de solicitud de presupuesto. Estos proveedores pueden recoger y procesar informaci\u00f3n personal en nuestro nombre. Dicha informaci\u00f3n se utiliza \u00fanicamente con el fin de gestionar tu solicitud y de acuerdo con esta Pol\u00edtica de Privacidad. Nos aseguramos de que nuestros proveedores sigan pr\u00e1cticas adecuadas de protecci\u00f3n de datos.   <\/p>\n<p><span style=\"color: var(--awb-text-color); font-family: var(--awb-text-font-family); font-size: var(--awb-font-size); font-style: var(--awb-text-font-style); font-weight: var(--awb-text-font-weight); letter-spacing: var(--awb-letter-spacing); text-align: var(--awb-content-alignment); text-transform: var(--awb-text-transform); background-color: var(--awb-bg-color-hover);\">El Sitio tambi\u00e9n puede incluir enlaces o integraciones con sitios web o servicios externos para tu comodidad e informaci\u00f3n (por ejemplo, Facebook, Instagram, LinkedIn y otras plataformas de medios sociales). Estos servicios y funciones pueden funcionar independientemente de CTN y se rigen por sus propias pol\u00edticas de privacidad. Te recomendamos encarecidamente que revises esas pol\u00edticas, ya que CTN no es responsable de las pr\u00e1cticas de privacidad ni del contenido de los servicios de terceros no controlados por nosotros.  <\/span><\/p>\n<p><span style=\"color: var(--h3_typography-color); font-family: var(--h3_typography-font-family); font-size: var(--h3_typography-font-size); font-style: var(--h3_typography-font-style,normal); font-weight: var(--h3_typography-font-weight); letter-spacing: var(--h3_typography-letter-spacing); text-transform: var(--h3_typography-text-transform); text-align: var(--awb-content-alignment); background-color: var(--awb-bg-color-hover);\">Conservaci\u00f3n de datos personales<\/span><\/p>\n<p>En la medida en que lo permita la legislaci\u00f3n aplicable, conservamos los datos personales que obtenemos sobre ti mientras (1) sean necesarios para los fines para los que los obtuvimos, de acuerdo con las disposiciones de esta Pol\u00edtica de privacidad, o (2) tengamos otra base legal para conservar los datos m\u00e1s all\u00e1 del periodo durante el cual son necesarios para cumplir el prop\u00f3sito original de su recogida.<\/p>\n<h3>C\u00f3mo protegemos la informaci\u00f3n personal<\/h3>\n<p>Mantenemos salvaguardas administrativas, t\u00e9cnicas y f\u00edsicas dise\u00f1adas para proteger la informaci\u00f3n personal que obtenemos a trav\u00e9s del Sitio contra la destrucci\u00f3n, p\u00e9rdida, alteraci\u00f3n, acceso, divulgaci\u00f3n o uso accidental, ilegal o no autorizado.<\/p>\n<h3>Informaci\u00f3n personal de los ni\u00f1os<\/h3>\n<p><span style=\"color: var(--awb-text-color); font-family: var(--awb-text-font-family); font-size: var(--awb-font-size); font-style: var(--awb-text-font-style); font-weight: var(--awb-text-font-weight); letter-spacing: var(--awb-letter-spacing); text-align: var(--awb-content-alignment); text-transform: var(--awb-text-transform); background-color: var(--awb-bg-color-hover);\">El Sitio no est\u00e1 dirigido a ni\u00f1os menores de 13 a\u00f1os. No recopilamos conscientemente datos personales de ni\u00f1os. Si crees que un ni\u00f1o nos ha enviado datos personales, ponte en contacto con nosotros y eliminaremos la informaci\u00f3n.  <\/span><\/p>\n<p><span style=\"color: var(--h3_typography-color); font-family: var(--h3_typography-font-family); font-size: var(--h3_typography-font-size); font-style: var(--h3_typography-font-style,normal); font-weight: var(--h3_typography-font-weight); letter-spacing: var(--h3_typography-letter-spacing); text-transform: var(--h3_typography-text-transform); text-align: var(--awb-content-alignment); background-color: var(--awb-bg-color-hover);\">Actualizaciones pol\u00edticas<\/span><\/p>\n<p><span style=\"color: var(--awb-text-color); font-family: var(--awb-text-font-family); font-size: var(--awb-font-size); font-style: var(--awb-text-font-style); font-weight: var(--awb-text-font-weight); letter-spacing: var(--awb-letter-spacing); text-align: var(--awb-content-alignment); text-transform: var(--awb-text-transform); background-color: var(--awb-bg-color-hover);\">Podemos actualizar esta Pol\u00edtica de Privacidad de vez en cuando. Indicaremos la fecha de la \u00faltima revisi\u00f3n en la parte superior de esta p\u00e1gina. Te animamos a que revises esta p\u00e1gina peri\u00f3dicamente.  <\/span><\/p>\n<p><span style=\"color: var(--h3_typography-color); font-family: var(--h3_typography-font-family); font-size: var(--h3_typography-font-size); font-style: var(--h3_typography-font-style,normal); font-weight: var(--h3_typography-font-weight); letter-spacing: var(--h3_typography-letter-spacing); text-transform: var(--h3_typography-text-transform); text-align: var(--awb-content-alignment); background-color: var(--awb-bg-color-hover);\">C\u00f3mo contactar con nosotros<\/span><\/p>\n<p>Para actualizar tus preferencias, actualizar o corregir tu informaci\u00f3n, enviar una solicitud, hacernos preguntas sobre esta Pol\u00edtica de privacidad o ejercer otros derechos de privacidad aplicables, ponte en contacto con nosotros por correo electr\u00f3nico.<\/p>\n<\/div><\/div><\/div><\/div><\/div><\/p>\n","protected":false},"excerpt":{"rendered":"","protected":false},"author":1,"featured_media":0,"parent":0,"menu_order":0,"comment_status":"closed","ping_status":"open","template":"","meta":{"_acf_changed":false,"footnotes":""},"class_list":["post-21248","page","type-page","status-publish","hentry"],"acf":[],"yoast_head":"<title>Advanced Recovery Devices l CTN Group - Pol\u00edtica de privacidad - CTN<\/title>\n<meta name=\"description\" content=\"Inf\u00f3rmate sobre la pol\u00edtica de privacidad de CTN para comprender c\u00f3mo recogemos, utilizamos y protegemos tu informaci\u00f3n personal. Conf\u00eda en nosotros para dar prioridad a tu privacidad y seguridad\" \/>\n<meta name=\"robots\" content=\"index, follow, max-snippet:-1, max-image-preview:large, max-video-preview:-1\" \/>\n<link rel=\"canonical\" href=\"https:\/\/ctn.fi\/es\/politica-de-privacidad\/\" \/>\n<meta property=\"og:locale\" content=\"es_ES\" \/>\n<meta property=\"og:type\" content=\"article\" \/>\n<meta property=\"og:title\" content=\"Pol\u00edtica de privacidad\" \/>\n<meta property=\"og:description\" content=\"Inf\u00f3rmate sobre la pol\u00edtica de privacidad de CTN para comprender c\u00f3mo recogemos, utilizamos y protegemos tu informaci\u00f3n personal. Conf\u00eda en nosotros para dar prioridad a tu privacidad y seguridad\" \/>\n<meta property=\"og:url\" content=\"https:\/\/ctn.fi\/es\/politica-de-privacidad\/\" \/>\n<meta property=\"og:site_name\" content=\"CTN\" \/>\n<meta property=\"article:publisher\" content=\"https:\/\/facebook.com\/cryotechnordic\" \/>\n<meta property=\"article:modified_time\" content=\"2025-04-08T09:49:33+00:00\" \/>\n<meta name=\"twitter:card\" content=\"summary_large_image\" \/>\n<meta name=\"twitter:site\" content=\"@cryotechnordic\" \/>\n<meta name=\"twitter:label1\" content=\"Tiempo de lectura\" \/>\n\t<meta name=\"twitter:data1\" content=\"12 minutos\" \/>\n<script type=\"application\/ld+json\" class=\"yoast-schema-graph\">{\"@context\":\"https:\/\/schema.org\",\"@graph\":[{\"@type\":\"WebPage\",\"@id\":\"https:\/\/ctn.fi\/es\/politica-de-privacidad\/\",\"url\":\"https:\/\/ctn.fi\/es\/politica-de-privacidad\/\",\"name\":\"Advanced Recovery Devices l CTN Group - Pol\u00edtica de privacidad - CTN\",\"isPartOf\":{\"@id\":\"https:\/\/ctn.fi\/es\/#website\"},\"datePublished\":\"2025-04-08T09:49:02+00:00\",\"dateModified\":\"2025-04-08T09:49:33+00:00\",\"description\":\"Inf\u00f3rmate sobre la pol\u00edtica de privacidad de CTN para comprender c\u00f3mo recogemos, utilizamos y protegemos tu informaci\u00f3n personal. Conf\u00eda en nosotros para dar prioridad a tu privacidad y seguridad\",\"breadcrumb\":{\"@id\":\"https:\/\/ctn.fi\/es\/politica-de-privacidad\/#breadcrumb\"},\"inLanguage\":\"es\",\"potentialAction\":[{\"@type\":\"ReadAction\",\"target\":[\"https:\/\/ctn.fi\/es\/politica-de-privacidad\/\"]}]},{\"@type\":\"BreadcrumbList\",\"@id\":\"https:\/\/ctn.fi\/es\/politica-de-privacidad\/#breadcrumb\",\"itemListElement\":[{\"@type\":\"ListItem\",\"position\":1,\"name\":\"Home\",\"item\":\"https:\/\/ctn.fi\/es\/\"},{\"@type\":\"ListItem\",\"position\":2,\"name\":\"Pol\u00edtica de privacidad\"}]},{\"@type\":\"WebSite\",\"@id\":\"https:\/\/ctn.fi\/es\/#website\",\"url\":\"https:\/\/ctn.fi\/es\/\",\"name\":\"CTN.FI\",\"description\":\"\",\"publisher\":{\"@id\":\"https:\/\/ctn.fi\/es\/#organization\"},\"potentialAction\":[{\"@type\":\"SearchAction\",\"target\":{\"@type\":\"EntryPoint\",\"urlTemplate\":\"https:\/\/ctn.fi\/es\/?s={search_term_string}\"},\"query-input\":{\"@type\":\"PropertyValueSpecification\",\"valueRequired\":true,\"valueName\":\"search_term_string\"}}],\"inLanguage\":\"es\"},{\"@type\":\"Organization\",\"@id\":\"https:\/\/ctn.fi\/es\/#organization\",\"name\":\"CTN Group\",\"url\":\"https:\/\/ctn.fi\/es\/\",\"logo\":{\"@type\":\"ImageObject\",\"inLanguage\":\"es\",\"@id\":\"https:\/\/ctn.fi\/es\/#\/schema\/logo\/image\/\",\"url\":\"https:\/\/ctn.fi\/wp-content\/uploads\/2024\/10\/recovery-technologies-logo.png\",\"contentUrl\":\"https:\/\/ctn.fi\/wp-content\/uploads\/2024\/10\/recovery-technologies-logo.png\",\"width\":2000,\"height\":1000,\"caption\":\"CTN Group\"},\"image\":{\"@id\":\"https:\/\/ctn.fi\/es\/#\/schema\/logo\/image\/\"},\"sameAs\":[\"https:\/\/facebook.com\/cryotechnordic\",\"https:\/\/x.com\/cryotechnordic\",\"https:\/\/instagram.com\/ctn.fi\"]}]}<\/script>","yoast_head_json":{"title":"Advanced Recovery Devices l CTN Group - Pol\u00edtica de privacidad - CTN","description":"Inf\u00f3rmate sobre la pol\u00edtica de privacidad de CTN para comprender c\u00f3mo recogemos, utilizamos y protegemos tu informaci\u00f3n personal. Conf\u00eda en nosotros para dar prioridad a tu privacidad y seguridad","robots":{"index":"index","follow":"follow","max-snippet":"max-snippet:-1","max-image-preview":"max-image-preview:large","max-video-preview":"max-video-preview:-1"},"canonical":"https:\/\/ctn.fi\/es\/politica-de-privacidad\/","og_locale":"es_ES","og_type":"article","og_title":"Pol\u00edtica de privacidad","og_description":"Inf\u00f3rmate sobre la pol\u00edtica de privacidad de CTN para comprender c\u00f3mo recogemos, utilizamos y protegemos tu informaci\u00f3n personal. Conf\u00eda en nosotros para dar prioridad a tu privacidad y seguridad","og_url":"https:\/\/ctn.fi\/es\/politica-de-privacidad\/","og_site_name":"CTN","article_publisher":"https:\/\/facebook.com\/cryotechnordic","article_modified_time":"2025-04-08T09:49:33+00:00","twitter_card":"summary_large_image","twitter_site":"@cryotechnordic","twitter_misc":{"Tiempo de lectura":"12 minutos"},"schema":{"@context":"https:\/\/schema.org","@graph":[{"@type":"WebPage","@id":"https:\/\/ctn.fi\/es\/politica-de-privacidad\/","url":"https:\/\/ctn.fi\/es\/politica-de-privacidad\/","name":"Advanced Recovery Devices l CTN Group - Pol\u00edtica de privacidad - CTN","isPartOf":{"@id":"https:\/\/ctn.fi\/es\/#website"},"datePublished":"2025-04-08T09:49:02+00:00","dateModified":"2025-04-08T09:49:33+00:00","description":"Inf\u00f3rmate sobre la pol\u00edtica de privacidad de CTN para comprender c\u00f3mo recogemos, utilizamos y protegemos tu informaci\u00f3n personal. Conf\u00eda en nosotros para dar prioridad a tu privacidad y seguridad","breadcrumb":{"@id":"https:\/\/ctn.fi\/es\/politica-de-privacidad\/#breadcrumb"},"inLanguage":"es","potentialAction":[{"@type":"ReadAction","target":["https:\/\/ctn.fi\/es\/politica-de-privacidad\/"]}]},{"@type":"BreadcrumbList","@id":"https:\/\/ctn.fi\/es\/politica-de-privacidad\/#breadcrumb","itemListElement":[{"@type":"ListItem","position":1,"name":"Home","item":"https:\/\/ctn.fi\/es\/"},{"@type":"ListItem","position":2,"name":"Pol\u00edtica de privacidad"}]},{"@type":"WebSite","@id":"https:\/\/ctn.fi\/es\/#website","url":"https:\/\/ctn.fi\/es\/","name":"CTN.FI","description":"","publisher":{"@id":"https:\/\/ctn.fi\/es\/#organization"},"potentialAction":[{"@type":"SearchAction","target":{"@type":"EntryPoint","urlTemplate":"https:\/\/ctn.fi\/es\/?s={search_term_string}"},"query-input":{"@type":"PropertyValueSpecification","valueRequired":true,"valueName":"search_term_string"}}],"inLanguage":"es"},{"@type":"Organization","@id":"https:\/\/ctn.fi\/es\/#organization","name":"CTN Group","url":"https:\/\/ctn.fi\/es\/","logo":{"@type":"ImageObject","inLanguage":"es","@id":"https:\/\/ctn.fi\/es\/#\/schema\/logo\/image\/","url":"https:\/\/ctn.fi\/wp-content\/uploads\/2024\/10\/recovery-technologies-logo.png","contentUrl":"https:\/\/ctn.fi\/wp-content\/uploads\/2024\/10\/recovery-technologies-logo.png","width":2000,"height":1000,"caption":"CTN Group"},"image":{"@id":"https:\/\/ctn.fi\/es\/#\/schema\/logo\/image\/"},"sameAs":["https:\/\/facebook.com\/cryotechnordic","https:\/\/x.com\/cryotechnordic","https:\/\/instagram.com\/ctn.fi"]}]}},"_links":{"self":[{"href":"https:\/\/ctn.fi\/es\/wp-json\/wp\/v2\/pages\/21248"}],"collection":[{"href":"https:\/\/ctn.fi\/es\/wp-json\/wp\/v2\/pages"}],"about":[{"href":"https:\/\/ctn.fi\/es\/wp-json\/wp\/v2\/types\/page"}],"author":[{"embeddable":true,"href":"https:\/\/ctn.fi\/es\/wp-json\/wp\/v2\/users\/1"}],"replies":[{"embeddable":true,"href":"https:\/\/ctn.fi\/es\/wp-json\/wp\/v2\/comments?post=21248"}],"version-history":[{"count":5,"href":"https:\/\/ctn.fi\/es\/wp-json\/wp\/v2\/pages\/21248\/revisions"}],"predecessor-version":[{"id":21253,"href":"https:\/\/ctn.fi\/es\/wp-json\/wp\/v2\/pages\/21248\/revisions\/21253"}],"wp:attachment":[{"href":"https:\/\/ctn.fi\/es\/wp-json\/wp\/v2\/media?parent=21248"}],"curies":[{"name":"wp","href":"https:\/\/api.w.org\/{rel}","templated":true}]}}