{"id":24715,"date":"2026-02-27T12:52:07","date_gmt":"2026-02-27T10:52:07","guid":{"rendered":"https:\/\/ctn.fi\/contacte-nos\/"},"modified":"2026-02-27T12:53:44","modified_gmt":"2026-02-27T10:53:44","slug":"contacte-nos","status":"publish","type":"page","link":"https:\/\/ctn.fi\/pt-br\/contacte-nos\/","title":{"rendered":"Contacte-nos"},"content":{"rendered":"\t\t<div data-elementor-type=\"wp-page\" data-elementor-id=\"24715\" class=\"elementor elementor-24715 elementor-9085\" data-elementor-post-type=\"page\">\n\t\t\t\t<div class=\"elementor-element elementor-element-efec326 e-flex e-con-boxed e-con e-parent\" data-id=\"efec326\" data-element_type=\"container\" data-settings=\"{&quot;background_background&quot;:&quot;classic&quot;}\">\n\t\t\t\t\t<div class=\"e-con-inner\">\n\t\t<div class=\"elementor-element elementor-element-5325c23 e-con-full e-flex elementor-invisible e-con e-child\" data-id=\"5325c23\" data-element_type=\"container\" data-settings=\"{&quot;animation&quot;:&quot;fadeInUp&quot;,&quot;animation_delay&quot;:100}\">\n\t\t\t\t<div class=\"elementor-element elementor-element-1ad7e31 eael-dual-header-content-align-left elementor-invisible elementor-widget elementor-widget-eael-dual-color-header\" data-id=\"1ad7e31\" data-element_type=\"widget\" data-settings=\"{&quot;_animation&quot;:&quot;fadeInUp&quot;}\" data-widget_type=\"eael-dual-color-header.default\">\n\t\t\t\t<div class=\"elementor-widget-container\">\n\t\t\t\t\t\t<div class=\"eael-dual-header\">\n\t\t\t\t<h2 class=\"title eael-dch-title\"><span class=\"eael-dch-title-text eael-dch-title-lead lead solid-color\">Contatoe <\/span> <span class=\"eael-dch-title-text\">nos<\/span><\/h2>\t\t\t<\/div>\n\n\t\t\t\t<\/div>\n\t\t\t\t<\/div>\n\t\t\t\t<div class=\"elementor-element elementor-element-833aebd elementor-widget elementor-widget-text-editor\" data-id=\"833aebd\" data-element_type=\"widget\" data-widget_type=\"text-editor.default\">\n\t\t\t\t<div class=\"elementor-widget-container\">\n\t\t\t<style>\/*! elementor - v3.21.0 - 30-04-2024 *\/\n.elementor-widget-text-editor.elementor-drop-cap-view-stacked .elementor-drop-cap{background-color:#69727d;color:#fff}.elementor-widget-text-editor.elementor-drop-cap-view-framed .elementor-drop-cap{color:#69727d;border:3px solid;background-color:transparent}.elementor-widget-text-editor:not(.elementor-drop-cap-view-default) .elementor-drop-cap{margin-top:8px}.elementor-widget-text-editor:not(.elementor-drop-cap-view-default) .elementor-drop-cap-letter{width:1em;height:1em}.elementor-widget-text-editor .elementor-drop-cap{float:left;text-align:center;line-height:1;font-size:50px}.elementor-widget-text-editor .elementor-drop-cap-letter{display:inline-block}<\/style>\t\t\t\t<p class=\"p1\">Voc\u00ea tem interesse em se tornar um <strong>parceiro da CTN?<\/strong> Preencha o formul\u00e1rio abaixo e nossa equipe entrar\u00e1 em contato com voc\u00ea em breve. Confira tamb\u00e9m nossas <a href=\"https:\/\/ctn.fi\/pt-br\/perguntas-frequentes\/\"><b>perguntas frequentes<\/b><\/a> para que voc\u00ea tenha mais respostas r\u00e1pidas.<\/p>\t\t\t\t\t\t<\/div>\n\t\t\t\t<\/div>\n\t\t\t\t<div class=\"elementor-element elementor-element-f8b63ce elementor-widget elementor-widget-html\" data-id=\"f8b63ce\" data-element_type=\"widget\" data-widget_type=\"html.default\">\n\t\t\t\t<div class=\"elementor-widget-container\">\n\t\t\t<script charset=\"utf-8\" type=\"text\/javascript\" src=\"\/\/js.hsforms.net\/forms\/embed\/v2.js\"><\/script>\n<script>\n  hbspt.forms.create({\n    portalId: \"5998742\",\n    formId: \"d00cdcf6-9d80-4a14-b850-d0d3869bb52e\",\n    region: \"na1\"\n  });\n<\/script>\t\t<\/div>\n\t\t\t\t<\/div>\n\t\t\t\t<\/div>\n\t\t<div class=\"elementor-element elementor-element-95ee9c5 e-con-full e-flex elementor-invisible e-con e-child\" data-id=\"95ee9c5\" data-element_type=\"container\" data-settings=\"{&quot;animation&quot;:&quot;fadeInUp&quot;,&quot;animation_delay&quot;:300}\">\n\t\t\t\t<div class=\"elementor-element elementor-element-fd63f96 elementor-widget elementor-widget-image\" data-id=\"fd63f96\" data-element_type=\"widget\" data-widget_type=\"image.default\">\n\t\t\t\t<div class=\"elementor-widget-container\">\n\t\t\t<style>\/*! elementor - v3.21.0 - 30-04-2024 *\/\n.elementor-widget-image{text-align:center}.elementor-widget-image a{display:inline-block}.elementor-widget-image a img[src$=\".svg\"]{width:48px}.elementor-widget-image img{vertical-align:middle;display:inline-block}<\/style>\t\t\t\t\t\t\t\t\t\t<img fetchpriority=\"high\" decoding=\"async\" width=\"590\" height=\"712\" src=\"https:\/\/ctn.fi\/wp-content\/uploads\/2024\/03\/img-contact.png\" class=\"attachment-full size-full wp-image-9087 lazyload\" alt=\"\" srcset=\"data:image\/svg+xml,%3Csvg%20xmlns%3D%27http%3A%2F%2Fwww.w3.org%2F2000%2Fsvg%27%20width%3D%27590%27%20height%3D%27712%27%20viewBox%3D%270%200%20590%20712%27%3E%3Crect%20width%3D%27590%27%20height%3D%27712%27%20fill-opacity%3D%220%22%2F%3E%3C%2Fsvg%3E\" data-orig-src=\"https:\/\/ctn.fi\/wp-content\/uploads\/2024\/03\/img-contact.png\" data-srcset=\"https:\/\/ctn.fi\/wp-content\/uploads\/2024\/03\/img-contact-200x241.png 200w, https:\/\/ctn.fi\/wp-content\/uploads\/2024\/03\/img-contact-249x300.png 249w, https:\/\/ctn.fi\/wp-content\/uploads\/2024\/03\/img-contact-400x483.png 400w, https:\/\/ctn.fi\/wp-content\/uploads\/2024\/03\/img-contact-500x603.png 500w, https:\/\/ctn.fi\/wp-content\/uploads\/2024\/03\/img-contact.png 590w\" data-sizes=\"auto\" \/>\t\t\t\t\t\t\t\t\t\t\t\t\t<\/div>\n\t\t\t\t<\/div>\n\t\t\t\t<\/div>\n\t\t\t\t\t<\/div>\n\t\t\t\t<\/div>\n\t\t\t\t<\/div>\n\t\t","protected":false},"excerpt":{"rendered":"<p>Contatoe nos Voc\u00ea tem interesse em se tornar um parceiro [&hellip;]<\/p>\n","protected":false},"author":68,"featured_media":0,"parent":0,"menu_order":0,"comment_status":"closed","ping_status":"closed","template":"elementor_header_footer","meta":{"_acf_changed":false,"footnotes":""},"class_list":["post-24715","page","type-page","status-publish","hentry"],"acf":[],"yoast_head":"<title>Contacte-nos | Solu\u00e7\u00f5es Avan\u00e7adas de Bem-Estar<\/title>\n<meta name=\"description\" content=\"Entre em contato com a CTN para explorar solu\u00e7\u00f5es avan\u00e7adas de bem-estar. Entre em contato hoje mesmo para ver como podemos apoiar suas metas de recupera\u00e7\u00e3o.\" \/>\n<meta name=\"robots\" content=\"index, follow, max-snippet:-1, max-image-preview:large, max-video-preview:-1\" \/>\n<link rel=\"canonical\" href=\"https:\/\/ctn.fi\/pt-br\/contacte-nos\/\" \/>\n<meta property=\"og:locale\" content=\"pt_BR\" \/>\n<meta property=\"og:type\" content=\"article\" \/>\n<meta property=\"og:title\" content=\"Contacte-nos\" \/>\n<meta property=\"og:description\" content=\"Entre em contato com a CTN para explorar solu\u00e7\u00f5es avan\u00e7adas de bem-estar. Entre em contato hoje mesmo para ver como podemos apoiar suas metas de recupera\u00e7\u00e3o.\" \/>\n<meta property=\"og:url\" content=\"https:\/\/ctn.fi\/pt-br\/contacte-nos\/\" \/>\n<meta property=\"og:site_name\" content=\"CTN\" \/>\n<meta property=\"article:publisher\" content=\"https:\/\/facebook.com\/cryotechnordic\" \/>\n<meta property=\"article:modified_time\" content=\"2026-02-27T10:53:44+00:00\" \/>\n<meta property=\"og:image\" content=\"https:\/\/ctn.fi\/wp-content\/uploads\/2024\/03\/img-contact.png\" \/>\n\t<meta property=\"og:image:width\" content=\"590\" \/>\n\t<meta property=\"og:image:height\" content=\"712\" \/>\n\t<meta property=\"og:image:type\" content=\"image\/png\" \/>\n<meta name=\"twitter:card\" content=\"summary_large_image\" \/>\n<meta name=\"twitter:site\" content=\"@cryotechnordic\" \/>\n<meta name=\"twitter:label1\" content=\"Est. tempo de leitura\" \/>\n\t<meta name=\"twitter:data1\" content=\"1 minuto\" \/>\n<script type=\"application\/ld+json\" class=\"yoast-schema-graph\">{\"@context\":\"https:\/\/schema.org\",\"@graph\":[{\"@type\":\"WebPage\",\"@id\":\"https:\/\/ctn.fi\/pt-br\/contacte-nos\/\",\"url\":\"https:\/\/ctn.fi\/pt-br\/contacte-nos\/\",\"name\":\"Contacte-nos | Solu\u00e7\u00f5es Avan\u00e7adas de Bem-Estar\",\"isPartOf\":{\"@id\":\"https:\/\/ctn.fi\/pt-br\/#website\"},\"primaryImageOfPage\":{\"@id\":\"https:\/\/ctn.fi\/pt-br\/contacte-nos\/#primaryimage\"},\"image\":{\"@id\":\"https:\/\/ctn.fi\/pt-br\/contacte-nos\/#primaryimage\"},\"thumbnailUrl\":\"https:\/\/ctn.fi\/wp-content\/uploads\/2024\/03\/img-contact.png\",\"datePublished\":\"2026-02-27T10:52:07+00:00\",\"dateModified\":\"2026-02-27T10:53:44+00:00\",\"description\":\"Entre em contato com a CTN para explorar solu\u00e7\u00f5es avan\u00e7adas de bem-estar. Entre em contato hoje mesmo para ver como podemos apoiar suas metas de recupera\u00e7\u00e3o.\",\"breadcrumb\":{\"@id\":\"https:\/\/ctn.fi\/pt-br\/contacte-nos\/#breadcrumb\"},\"inLanguage\":\"pt-BR\",\"potentialAction\":[{\"@type\":\"ReadAction\",\"target\":[\"https:\/\/ctn.fi\/pt-br\/contacte-nos\/\"]}]},{\"@type\":\"ImageObject\",\"inLanguage\":\"pt-BR\",\"@id\":\"https:\/\/ctn.fi\/pt-br\/contacte-nos\/#primaryimage\",\"url\":\"https:\/\/ctn.fi\/wp-content\/uploads\/2024\/03\/img-contact.png\",\"contentUrl\":\"https:\/\/ctn.fi\/wp-content\/uploads\/2024\/03\/img-contact.png\"},{\"@type\":\"BreadcrumbList\",\"@id\":\"https:\/\/ctn.fi\/pt-br\/contacte-nos\/#breadcrumb\",\"itemListElement\":[{\"@type\":\"ListItem\",\"position\":1,\"name\":\"Home\",\"item\":\"https:\/\/ctn.fi\/pt-br\/\"},{\"@type\":\"ListItem\",\"position\":2,\"name\":\"Contacte-nos\"}]},{\"@type\":\"WebSite\",\"@id\":\"https:\/\/ctn.fi\/pt-br\/#website\",\"url\":\"https:\/\/ctn.fi\/pt-br\/\",\"name\":\"CTN.FI\",\"description\":\"\",\"publisher\":{\"@id\":\"https:\/\/ctn.fi\/pt-br\/#organization\"},\"potentialAction\":[{\"@type\":\"SearchAction\",\"target\":{\"@type\":\"EntryPoint\",\"urlTemplate\":\"https:\/\/ctn.fi\/pt-br\/?s={search_term_string}\"},\"query-input\":{\"@type\":\"PropertyValueSpecification\",\"valueRequired\":true,\"valueName\":\"search_term_string\"}}],\"inLanguage\":\"pt-BR\"},{\"@type\":\"Organization\",\"@id\":\"https:\/\/ctn.fi\/pt-br\/#organization\",\"name\":\"CTN Group\",\"url\":\"https:\/\/ctn.fi\/pt-br\/\",\"logo\":{\"@type\":\"ImageObject\",\"inLanguage\":\"pt-BR\",\"@id\":\"https:\/\/ctn.fi\/pt-br\/#\/schema\/logo\/image\/\",\"url\":\"https:\/\/ctn.fi\/wp-content\/uploads\/2024\/10\/recovery-technologies-logo.png\",\"contentUrl\":\"https:\/\/ctn.fi\/wp-content\/uploads\/2024\/10\/recovery-technologies-logo.png\",\"width\":2000,\"height\":1000,\"caption\":\"CTN Group\"},\"image\":{\"@id\":\"https:\/\/ctn.fi\/pt-br\/#\/schema\/logo\/image\/\"},\"sameAs\":[\"https:\/\/facebook.com\/cryotechnordic\",\"https:\/\/x.com\/cryotechnordic\",\"https:\/\/instagram.com\/ctn.fi\"]}]}<\/script>","yoast_head_json":{"title":"Contacte-nos | Solu\u00e7\u00f5es Avan\u00e7adas de Bem-Estar","description":"Entre em contato com a CTN para explorar solu\u00e7\u00f5es avan\u00e7adas de bem-estar. Entre em contato hoje mesmo para ver como podemos apoiar suas metas de recupera\u00e7\u00e3o.","robots":{"index":"index","follow":"follow","max-snippet":"max-snippet:-1","max-image-preview":"max-image-preview:large","max-video-preview":"max-video-preview:-1"},"canonical":"https:\/\/ctn.fi\/pt-br\/contacte-nos\/","og_locale":"pt_BR","og_type":"article","og_title":"Contacte-nos","og_description":"Entre em contato com a CTN para explorar solu\u00e7\u00f5es avan\u00e7adas de bem-estar. Entre em contato hoje mesmo para ver como podemos apoiar suas metas de recupera\u00e7\u00e3o.","og_url":"https:\/\/ctn.fi\/pt-br\/contacte-nos\/","og_site_name":"CTN","article_publisher":"https:\/\/facebook.com\/cryotechnordic","article_modified_time":"2026-02-27T10:53:44+00:00","og_image":[{"width":590,"height":712,"url":"https:\/\/ctn.fi\/wp-content\/uploads\/2024\/03\/img-contact.png","type":"image\/png"}],"twitter_card":"summary_large_image","twitter_site":"@cryotechnordic","twitter_misc":{"Est. tempo de leitura":"1 minuto"},"schema":{"@context":"https:\/\/schema.org","@graph":[{"@type":"WebPage","@id":"https:\/\/ctn.fi\/pt-br\/contacte-nos\/","url":"https:\/\/ctn.fi\/pt-br\/contacte-nos\/","name":"Contacte-nos | Solu\u00e7\u00f5es Avan\u00e7adas de Bem-Estar","isPartOf":{"@id":"https:\/\/ctn.fi\/pt-br\/#website"},"primaryImageOfPage":{"@id":"https:\/\/ctn.fi\/pt-br\/contacte-nos\/#primaryimage"},"image":{"@id":"https:\/\/ctn.fi\/pt-br\/contacte-nos\/#primaryimage"},"thumbnailUrl":"https:\/\/ctn.fi\/wp-content\/uploads\/2024\/03\/img-contact.png","datePublished":"2026-02-27T10:52:07+00:00","dateModified":"2026-02-27T10:53:44+00:00","description":"Entre em contato com a CTN para explorar solu\u00e7\u00f5es avan\u00e7adas de bem-estar. Entre em contato hoje mesmo para ver como podemos apoiar suas metas de recupera\u00e7\u00e3o.","breadcrumb":{"@id":"https:\/\/ctn.fi\/pt-br\/contacte-nos\/#breadcrumb"},"inLanguage":"pt-BR","potentialAction":[{"@type":"ReadAction","target":["https:\/\/ctn.fi\/pt-br\/contacte-nos\/"]}]},{"@type":"ImageObject","inLanguage":"pt-BR","@id":"https:\/\/ctn.fi\/pt-br\/contacte-nos\/#primaryimage","url":"https:\/\/ctn.fi\/wp-content\/uploads\/2024\/03\/img-contact.png","contentUrl":"https:\/\/ctn.fi\/wp-content\/uploads\/2024\/03\/img-contact.png"},{"@type":"BreadcrumbList","@id":"https:\/\/ctn.fi\/pt-br\/contacte-nos\/#breadcrumb","itemListElement":[{"@type":"ListItem","position":1,"name":"Home","item":"https:\/\/ctn.fi\/pt-br\/"},{"@type":"ListItem","position":2,"name":"Contacte-nos"}]},{"@type":"WebSite","@id":"https:\/\/ctn.fi\/pt-br\/#website","url":"https:\/\/ctn.fi\/pt-br\/","name":"CTN.FI","description":"","publisher":{"@id":"https:\/\/ctn.fi\/pt-br\/#organization"},"potentialAction":[{"@type":"SearchAction","target":{"@type":"EntryPoint","urlTemplate":"https:\/\/ctn.fi\/pt-br\/?s={search_term_string}"},"query-input":{"@type":"PropertyValueSpecification","valueRequired":true,"valueName":"search_term_string"}}],"inLanguage":"pt-BR"},{"@type":"Organization","@id":"https:\/\/ctn.fi\/pt-br\/#organization","name":"CTN Group","url":"https:\/\/ctn.fi\/pt-br\/","logo":{"@type":"ImageObject","inLanguage":"pt-BR","@id":"https:\/\/ctn.fi\/pt-br\/#\/schema\/logo\/image\/","url":"https:\/\/ctn.fi\/wp-content\/uploads\/2024\/10\/recovery-technologies-logo.png","contentUrl":"https:\/\/ctn.fi\/wp-content\/uploads\/2024\/10\/recovery-technologies-logo.png","width":2000,"height":1000,"caption":"CTN Group"},"image":{"@id":"https:\/\/ctn.fi\/pt-br\/#\/schema\/logo\/image\/"},"sameAs":["https:\/\/facebook.com\/cryotechnordic","https:\/\/x.com\/cryotechnordic","https:\/\/instagram.com\/ctn.fi"]}]}},"_links":{"self":[{"href":"https:\/\/ctn.fi\/pt-br\/wp-json\/wp\/v2\/pages\/24715"}],"collection":[{"href":"https:\/\/ctn.fi\/pt-br\/wp-json\/wp\/v2\/pages"}],"about":[{"href":"https:\/\/ctn.fi\/pt-br\/wp-json\/wp\/v2\/types\/page"}],"author":[{"embeddable":true,"href":"https:\/\/ctn.fi\/pt-br\/wp-json\/wp\/v2\/users\/68"}],"replies":[{"embeddable":true,"href":"https:\/\/ctn.fi\/pt-br\/wp-json\/wp\/v2\/comments?post=24715"}],"version-history":[{"count":8,"href":"https:\/\/ctn.fi\/pt-br\/wp-json\/wp\/v2\/pages\/24715\/revisions"}],"predecessor-version":[{"id":24724,"href":"https:\/\/ctn.fi\/pt-br\/wp-json\/wp\/v2\/pages\/24715\/revisions\/24724"}],"wp:attachment":[{"href":"https:\/\/ctn.fi\/pt-br\/wp-json\/wp\/v2\/media?parent=24715"}],"curies":[{"name":"wp","href":"https:\/\/api.w.org\/{rel}","templated":true}]}}