{"id":26887,"date":"2026-03-22T13:00:43","date_gmt":"2026-03-22T11:00:43","guid":{"rendered":"https:\/\/ctn.fi\/politica-de-privacidade\/"},"modified":"2026-03-22T13:00:44","modified_gmt":"2026-03-22T11:00:44","slug":"politica-de-privacidade","status":"publish","type":"page","link":"https:\/\/ctn.fi\/pt-br\/politica-de-privacidade\/","title":{"rendered":"Pol\u00edtica de privacidade"},"content":{"rendered":"<p><div class=\"fusion-fullwidth fullwidth-box fusion-builder-row-1 fusion-flex-container nonhundred-percent-fullwidth non-hundred-percent-height-scrolling\" style=\"--awb-border-radius-top-left:0px;--awb-border-radius-top-right:0px;--awb-border-radius-bottom-right:0px;--awb-border-radius-bottom-left:0px;--awb-padding-top:0px;--awb-flex-wrap:wrap;\" ><div class=\"fusion-builder-row fusion-row fusion-flex-align-items-flex-start fusion-flex-content-wrap\" style=\"max-width:1144px;margin-left: calc(-4% \/ 2 );margin-right: calc(-4% \/ 2 );\"><div class=\"fusion-layout-column fusion_builder_column fusion-builder-column-0 fusion_builder_column_1_1 1_1 fusion-flex-column\" style=\"--awb-bg-size:cover;--awb-width-large:100%;--awb-margin-top-large:0px;--awb-spacing-right-large:1.92%;--awb-margin-bottom-large:20px;--awb-spacing-left-large:1.92%;--awb-width-medium:100%;--awb-order-medium:0;--awb-spacing-right-medium:1.92%;--awb-spacing-left-medium:1.92%;--awb-width-small:100%;--awb-order-small:0;--awb-spacing-right-small:1.92%;--awb-spacing-left-small:1.92%;\"><div class=\"fusion-column-wrapper fusion-column-has-shadow fusion-flex-justify-content-flex-start fusion-content-layout-column\"><div class=\"fusion-text fusion-text-1\"><h1 style=\"text-align: center;\">Pol\u00edtica de privacidade<\/h1>\n<\/div><\/div><\/div><\/div><\/div><div class=\"fusion-fullwidth fullwidth-box fusion-builder-row-2 fusion-flex-container nonhundred-percent-fullwidth non-hundred-percent-height-scrolling\" style=\"--awb-border-radius-top-left:0px;--awb-border-radius-top-right:0px;--awb-border-radius-bottom-right:0px;--awb-border-radius-bottom-left:0px;--awb-flex-wrap:wrap;\" ><div class=\"fusion-builder-row fusion-row fusion-flex-align-items-flex-start fusion-flex-content-wrap\" style=\"max-width:1144px;margin-left: calc(-4% \/ 2 );margin-right: calc(-4% \/ 2 );\"><div class=\"fusion-layout-column fusion_builder_column fusion-builder-column-1 fusion_builder_column_1_1 1_1 fusion-flex-column\" style=\"--awb-bg-size:cover;--awb-width-large:100%;--awb-margin-top-large:0px;--awb-spacing-right-large:1.92%;--awb-margin-bottom-large:20px;--awb-spacing-left-large:1.92%;--awb-width-medium:100%;--awb-order-medium:0;--awb-spacing-right-medium:1.92%;--awb-spacing-left-medium:1.92%;--awb-width-small:100%;--awb-order-small:0;--awb-spacing-right-small:1.92%;--awb-spacing-left-small:1.92%;\"><div class=\"fusion-column-wrapper fusion-column-has-shadow fusion-flex-justify-content-flex-start fusion-content-layout-column\"><div class=\"fusion-text fusion-text-2\"><h3><\/h3>\n<p>Data de vig\u00eancia: 8 de abril de 2025<\/p>\n<p><span style=\"color: var(--awb-text-color); font-family: var(--awb-text-font-family); font-size: var(--awb-font-size); font-style: var(--awb-text-font-style); font-weight: var(--awb-text-font-weight); letter-spacing: var(--awb-letter-spacing); text-align: var(--awb-content-alignment); text-transform: var(--awb-text-transform); background-color: var(--awb-bg-color-hover);\">A CTN respeita sua privacidade e tem o compromisso de proteger seus dados pessoais. Esta Pol\u00edtica de Privacidade descreve os tipos de informa\u00e7\u00f5es que coletamos no www.ctn.fi (o &#8220;Site&#8221;), como usamos e compartilhamos essas informa\u00e7\u00f5es, os direitos e as op\u00e7\u00f5es que voc\u00ea tem e as medidas que tomamos para proteg\u00ea-las. <\/span><\/p>\n<p><span style=\"color: var(--h3_typography-color); font-family: var(--h3_typography-font-family); font-size: var(--h3_typography-font-size); font-style: var(--h3_typography-font-style,normal); font-weight: var(--h3_typography-font-weight); letter-spacing: var(--h3_typography-letter-spacing); text-transform: var(--h3_typography-text-transform); text-align: var(--awb-content-alignment); background-color: var(--awb-bg-color-hover);\">Informa\u00e7\u00f5es que obtemos<\/span><\/p>\n<p>Voc\u00ea pode fornecer dados pessoais para n\u00f3s de v\u00e1rias maneiras, inclusive por meio de<\/p>\n<p>&#8211; Preenchimento de formul\u00e1rios de contato ou de solicita\u00e7\u00e3o de or\u00e7amento (incluindo aqueles alimentados por servi\u00e7os de terceiros, como o HeadQ.io);<\/p>\n<p>&#8211; Enviar perguntas ou coment\u00e1rios por e-mail;<\/p>\n<p>&#8211; Inscrever-se em boletins informativos ou eventos.<\/p>\n<p>As informa\u00e7\u00f5es que coletamos podem incluir seu nome, endere\u00e7o de e-mail, n\u00famero de telefone, nome da empresa e quaisquer outros detalhes que voc\u00ea decida compartilhar.<\/p>\n<p><span style=\"color: var(--awb-text-color); font-family: var(--awb-text-font-family); font-size: var(--awb-font-size); font-style: var(--awb-text-font-style); font-weight: var(--awb-text-font-weight); letter-spacing: var(--awb-letter-spacing); text-align: var(--awb-content-alignment); text-transform: var(--awb-text-transform); background-color: var(--awb-bg-color-hover);\">Embora voc\u00ea n\u00e3o seja obrigado a fornecer informa\u00e7\u00f5es pessoais, a op\u00e7\u00e3o de n\u00e3o fornec\u00ea-las pode limitar sua capacidade de usar determinados recursos do Site.<\/span><\/p>\n<p><span style=\"background-color: var(--awb-bg-color-hover); color: var(--h3_typography-color); font-family: var(--h3_typography-font-family); font-size: var(--h3_typography-font-size); font-style: var(--h3_typography-font-style,normal); font-weight: var(--h3_typography-font-weight); letter-spacing: var(--h3_typography-letter-spacing); text-align: var(--awb-content-alignment); text-transform: var(--h3_typography-text-transform);\">Como usamos as informa\u00e7\u00f5es que obtemos<\/span><\/p>\n<p>Podemos usar os dados pessoais que coletamos para:<\/p>\n<p>&#8211; Processar e responder a consultas, solicita\u00e7\u00f5es de cota\u00e7\u00e3o ou outros envios;<\/p>\n<p>&#8211; Fornecer e melhorar nossos servi\u00e7os;<\/p>\n<p>&#8211; Personalizar sua experi\u00eancia no Site;<\/p>\n<p>&#8211; Comunicar-nos com voc\u00ea sobre produtos, servi\u00e7os, atualiza\u00e7\u00f5es e ofertas;<\/p>\n<p>&#8211; Analisar o uso e melhorar o desempenho do Site;<\/p>\n<p>&#8211; Cumprir obriga\u00e7\u00f5es legais e proteger nossos direitos.<\/p>\n<p>Quando necess\u00e1rio, processamos suas informa\u00e7\u00f5es pessoais com base em seu consentimento, em nossas obriga\u00e7\u00f5es contratuais ou em nossos interesses leg\u00edtimos (como operar e aprimorar o Site).<\/p>\n<h3>Coleta automatizada de dados<\/h3>\n<p>Quando voc\u00ea usa o Site, podemos obter determinadas informa\u00e7\u00f5es por meios automatizados, como cookies do navegador. As informa\u00e7\u00f5es que obtemos dessa maneira podem incluir o endere\u00e7o IP do seu dispositivo, nome de dom\u00ednio, identificadores associados aos seus dispositivos, tipo e caracter\u00edsticas do dispositivo e do sistema operacional, caracter\u00edsticas do navegador da Web, prefer\u00eancias de idioma, dados de sequ\u00eancia de cliques, suas intera\u00e7\u00f5es com o Site (como as p\u00e1ginas da Web que voc\u00ea visita, links em que clica e recursos que usa), as p\u00e1ginas que o levaram ou o encaminharam ao Site, datas e hor\u00e1rios de acesso ao Site e outras informa\u00e7\u00f5es sobre o seu uso do Site. <\/p>\n<p>Um &#8220;cookie&#8221; \u00e9 um arquivo de texto que os sites enviam ao computador de um visitante ou a outro dispositivo conectado \u00e0 Internet para identificar exclusivamente o navegador do visitante ou para armazenar informa\u00e7\u00f5es ou configura\u00e7\u00f5es no navegador. Essa tecnologia nos ajuda a (1) lembrar suas informa\u00e7\u00f5es para que voc\u00ea n\u00e3o precise digit\u00e1-las novamente; (2) rastrear e entender como voc\u00ea usa e interage com o Site; (3) adaptar o Site \u00e0s suas prefer\u00eancias; (4) medir a usabilidade do Site; (5) entender a efic\u00e1cia de nossas comunica\u00e7\u00f5es; e (6) gerenciar e aprimorar o Site. <\/p>\n<p>Na medida exigida pela legisla\u00e7\u00e3o aplic\u00e1vel, obteremos seu consentimento antes de colocar cookies ou tecnologias semelhantes em seu computador. Voc\u00ea pode impedir que determinados tipos de cookies sejam baixados no seu computador selecionando as configura\u00e7\u00f5es apropriadas no seu navegador da Web. A maioria dos navegadores da Web informar\u00e1 como parar de aceitar novos cookies do navegador, como ser notificado quando voc\u00ea receber um novo cookie do navegador e como desativar os cookies existentes. Voc\u00ea pode descobrir como fazer isso para o seu navegador espec\u00edfico clicando em &#8220;ajuda&#8221; no menu do seu navegador ou visitando www.allaboutcookies.org. O Site n\u00e3o foi projetado para responder aos sinais de &#8220;n\u00e3o rastrear&#8221; recebidos dos navegadores. Observe que, sem cookies ou outras ferramentas automatizadas, talvez voc\u00ea n\u00e3o consiga usar todos os recursos do Site.     <\/p>\n<p>N\u00e3o obtemos informa\u00e7\u00f5es pessoais sobre suas atividades on-line ao longo do tempo e em sites, dispositivos e outros servi\u00e7os on-line de terceiros. No Site, usamos servi\u00e7os de an\u00e1lise on-line de terceiros, como os do Google Analytics. Os provedores de servi\u00e7os que administram esses servi\u00e7os de an\u00e1lise usam tecnologias automatizadas para coletar dados (como endere\u00e7o de e-mail, endere\u00e7os IP, cookies e outros identificadores de dispositivos) para avaliar, por exemplo, o uso do Site e diagnosticar problemas t\u00e9cnicos. Para saber mais sobre o Google Analytics, visite <a href=\"https:\/\/marketingplatform.google.com\/about\/\" target=\"_blank\" rel=\"noopener\">www.google.com\/analytics\/learn\/privacy.html.<\/a>   <\/p>\n<h3>Compartilhamento de informa\u00e7\u00f5es<\/h3>\n<p>N\u00e3o divulgamos as informa\u00e7\u00f5es pessoais que obtemos sobre voc\u00ea, exceto conforme descrito nesta Pol\u00edtica de Privacidade. Podemos compartilhar suas informa\u00e7\u00f5es pessoais com nossas (1) subsidi\u00e1rias e afiliadas e (2) prestadores de servi\u00e7os que prestam servi\u00e7os em nosso nome, como an\u00e1lise de dados, para os fins descritos nesta Pol\u00edtica de Privacidade. N\u00e3o autorizamos nossos prestadores de servi\u00e7os a usar ou divulgar as informa\u00e7\u00f5es, exceto quando necess\u00e1rio para prestar servi\u00e7os em nosso nome ou cumprir exig\u00eancias legais.  <\/p>\n<p>Tamb\u00e9m podemos divulgar informa\u00e7\u00f5es sobre voc\u00ea (1) se formos obrigados a faz\u00ea-lo por lei ou processo legal (como uma ordem judicial ou intima\u00e7\u00e3o); (2) em resposta a solicita\u00e7\u00f5es de \u00f3rg\u00e3os governamentais, como autoridades policiais; (3) para estabelecer, exercer ou defender nossos direitos legais; (4) quando acreditarmos que a divulga\u00e7\u00e3o \u00e9 necess\u00e1ria ou apropriada para evitar danos f\u00edsicos ou de outra natureza ou perdas financeiras; (5) em conex\u00e3o com uma investiga\u00e7\u00e3o de atividade ilegal suspeita ou real; (6) no caso de vendermos ou transferirmos toda ou parte de nossos neg\u00f3cios ou ativos (inclusive no caso de reorganiza\u00e7\u00e3o, dissolu\u00e7\u00e3o ou liquida\u00e7\u00e3o); ou (7) de outra forma com o seu consentimento.<\/p>\n<h3>Transfer\u00eancias de dados<\/h3>\n<p>Podemos transferir as informa\u00e7\u00f5es pessoais que coletamos sobre voc\u00ea para destinat\u00e1rios (incluindo nossas subsidi\u00e1rias e afiliadas e prestadores de servi\u00e7os terceirizados) em pa\u00edses diferentes do pa\u00eds em que as informa\u00e7\u00f5es foram originalmente coletadas. Esses pa\u00edses podem n\u00e3o ter as mesmas leis de prote\u00e7\u00e3o de dados que o pa\u00eds em que voc\u00ea forneceu as informa\u00e7\u00f5es inicialmente. <\/p>\n<p>Quando transferirmos suas informa\u00e7\u00f5es para destinat\u00e1rios em outros pa\u00edses (como os EUA), protegeremos essas informa\u00e7\u00f5es conforme descrito nesta Pol\u00edtica de Privacidade.<\/p>\n<h3>Seus direitos e escolhas<\/h3>\n<p>Na medida do previsto pela lei aplic\u00e1vel, voc\u00ea pode (1) solicitar acesso \u00e0s informa\u00e7\u00f5es pessoais que mantemos sobre voc\u00ea; (2) solicitar que atualizemos, corrijamos, alteremos, apaguemos ou restrinjamos as informa\u00e7\u00f5es; ou (3) exercer seu direito \u00e0 portabilidade de dados, entrando em contato conosco conforme indicado abaixo. Dependendo da sua localiza\u00e7\u00e3o, voc\u00ea pode ter o direito de registrar uma reclama\u00e7\u00e3o junto a um \u00f3rg\u00e3o regulador do governo se n\u00e3o estiver satisfeito com nossa resposta. Quando previsto em lei, voc\u00ea pode retirar qualquer consentimento que nos tenha fornecido anteriormente ou se opor a qualquer momento ao processamento de suas informa\u00e7\u00f5es pessoais por motivos leg\u00edtimos relacionados \u00e0 sua situa\u00e7\u00e3o espec\u00edfica, e aplicaremos suas prefer\u00eancias no futuro. Para ajudar a proteger sua privacidade e manter a seguran\u00e7a, podemos tomar medidas para verificar sua identidade antes de conceder a voc\u00ea acesso \u00e0s suas informa\u00e7\u00f5es. Na medida do permitido pela legisla\u00e7\u00e3o aplic\u00e1vel, poder\u00e1 ser cobrada uma taxa antes de fornecermos a voc\u00ea uma c\u00f3pia de qualquer uma das informa\u00e7\u00f5es pessoais que mantemos.    <\/p>\n<h3><\/h3>\n<p>Servi\u00e7os e integra\u00e7\u00f5es de terceiros<\/p>\n<p>Podemos usar provedores de servi\u00e7os terceirizados no Site, como o HeadQ.io, para habilitar recursos como formul\u00e1rios de solicita\u00e7\u00e3o de cota\u00e7\u00e3o. Esses provedores podem coletar e processar informa\u00e7\u00f5es pessoais em nosso nome. Essas informa\u00e7\u00f5es s\u00e3o usadas exclusivamente para atender \u00e0 sua solicita\u00e7\u00e3o e de acordo com esta Pol\u00edtica de Privacidade. Garantimos que nossos provedores sigam pr\u00e1ticas adequadas de prote\u00e7\u00e3o de dados.   <\/p>\n<p><span style=\"color: var(--awb-text-color); font-family: var(--awb-text-font-family); font-size: var(--awb-font-size); font-style: var(--awb-text-font-style); font-weight: var(--awb-text-font-weight); letter-spacing: var(--awb-letter-spacing); text-align: var(--awb-content-alignment); text-transform: var(--awb-text-transform); background-color: var(--awb-bg-color-hover);\">O Site tamb\u00e9m pode incluir links ou integra\u00e7\u00f5es com sites ou servi\u00e7os externos para sua conveni\u00eancia e informa\u00e7\u00e3o (por exemplo, Facebook, Instagram, LinkedIn e outras plataformas de m\u00eddia social). Esses servi\u00e7os e recursos podem operar de forma independente da CTN e s\u00e3o regidos por suas pr\u00f3prias pol\u00edticas de privacidade. Recomendamos fortemente que voc\u00ea analise essas pol\u00edticas, pois a CTN n\u00e3o \u00e9 respons\u00e1vel pelas pr\u00e1ticas de privacidade ou pelo conte\u00fado de quaisquer servi\u00e7os de terceiros n\u00e3o controlados por n\u00f3s.  <\/span><\/p>\n<p><span style=\"color: var(--h3_typography-color); font-family: var(--h3_typography-font-family); font-size: var(--h3_typography-font-size); font-style: var(--h3_typography-font-style,normal); font-weight: var(--h3_typography-font-weight); letter-spacing: var(--h3_typography-letter-spacing); text-transform: var(--h3_typography-text-transform); text-align: var(--awb-content-alignment); background-color: var(--awb-bg-color-hover);\">Reten\u00e7\u00e3o de informa\u00e7\u00f5es pessoais<\/span><\/p>\n<p>Na medida do permitido pela lei aplic\u00e1vel, retemos as informa\u00e7\u00f5es pessoais que obtivemos sobre voc\u00ea enquanto (1) forem necess\u00e1rias para os fins para os quais as obtivemos, de acordo com as disposi\u00e7\u00f5es desta Pol\u00edtica de Privacidade, ou (2) tivermos outra base legal para reter os dados al\u00e9m do per\u00edodo necess\u00e1rio para atender \u00e0 finalidade original de coleta dos dados.<\/p>\n<h3>Como protegemos as informa\u00e7\u00f5es pessoais<\/h3>\n<p>Mantemos prote\u00e7\u00f5es administrativas, t\u00e9cnicas e f\u00edsicas destinadas a proteger as informa\u00e7\u00f5es pessoais que obtemos por meio do Site contra destrui\u00e7\u00e3o, perda, altera\u00e7\u00e3o, acesso, divulga\u00e7\u00e3o ou uso acidental, ilegal ou n\u00e3o autorizado.<\/p>\n<h3>Informa\u00e7\u00f5es pessoais de crian\u00e7as<\/h3>\n<p><span style=\"color: var(--awb-text-color); font-family: var(--awb-text-font-family); font-size: var(--awb-font-size); font-style: var(--awb-text-font-style); font-weight: var(--awb-text-font-weight); letter-spacing: var(--awb-letter-spacing); text-align: var(--awb-content-alignment); text-transform: var(--awb-text-transform); background-color: var(--awb-bg-color-hover);\">O Site n\u00e3o \u00e9 direcionado a crian\u00e7as menores de 13 anos. N\u00e3o coletamos intencionalmente dados pessoais de crian\u00e7as. Se voc\u00ea acredita que uma crian\u00e7a enviou dados pessoais para n\u00f3s, entre em contato conosco e excluiremos as informa\u00e7\u00f5es.  <\/span><\/p>\n<p><span style=\"color: var(--h3_typography-color); font-family: var(--h3_typography-font-family); font-size: var(--h3_typography-font-size); font-style: var(--h3_typography-font-style,normal); font-weight: var(--h3_typography-font-weight); letter-spacing: var(--h3_typography-letter-spacing); text-transform: var(--h3_typography-text-transform); text-align: var(--awb-content-alignment); background-color: var(--awb-bg-color-hover);\">Atualiza\u00e7\u00f5es de pol\u00edticas<\/span><\/p>\n<p><span style=\"color: var(--awb-text-color); font-family: var(--awb-text-font-family); font-size: var(--awb-font-size); font-style: var(--awb-text-font-style); font-weight: var(--awb-text-font-weight); letter-spacing: var(--awb-letter-spacing); text-align: var(--awb-content-alignment); text-transform: var(--awb-text-transform); background-color: var(--awb-bg-color-hover);\">Podemos atualizar esta Pol\u00edtica de Privacidade periodicamente. Indicaremos a data da \u00faltima revis\u00e3o na parte superior desta p\u00e1gina. Recomendamos que voc\u00ea revise esta p\u00e1gina periodicamente.  <\/span><\/p>\n<p><span style=\"color: var(--h3_typography-color); font-family: var(--h3_typography-font-family); font-size: var(--h3_typography-font-size); font-style: var(--h3_typography-font-style,normal); font-weight: var(--h3_typography-font-weight); letter-spacing: var(--h3_typography-letter-spacing); text-transform: var(--h3_typography-text-transform); text-align: var(--awb-content-alignment); background-color: var(--awb-bg-color-hover);\">Como entrar em contato conosco<\/span><\/p>\n<p>Para atualizar suas prefer\u00eancias, atualizar ou corrigir suas informa\u00e7\u00f5es, enviar uma solicita\u00e7\u00e3o, fazer perguntas sobre esta Pol\u00edtica de Privacidade ou exercer outros direitos de privacidade aplic\u00e1veis, entre em contato conosco por e-mail.<\/p>\n<\/div><\/div><\/div><\/div><\/div><\/p>\n","protected":false},"excerpt":{"rendered":"","protected":false},"author":1,"featured_media":0,"parent":0,"menu_order":0,"comment_status":"closed","ping_status":"open","template":"","meta":{"_acf_changed":false,"footnotes":""},"class_list":["post-26887","page","type-page","status-publish","hentry"],"acf":[],"yoast_head":"<title>Advanced Recovery Devices l CTN Group - Pol\u00edtica de privacidade - CTN<\/title>\n<meta name=\"description\" content=\"Conhe\u00e7a a pol\u00edtica de privacidade da CTN para entender como coletamos, usamos e protegemos suas informa\u00e7\u00f5es pessoais. Confie em n\u00f3s para priorizar sua privacidade e seguran\u00e7a\" \/>\n<meta name=\"robots\" content=\"index, follow, max-snippet:-1, max-image-preview:large, max-video-preview:-1\" \/>\n<link rel=\"canonical\" href=\"https:\/\/ctn.fi\/pt-br\/politica-de-privacidade\/\" \/>\n<meta property=\"og:locale\" content=\"pt_BR\" \/>\n<meta property=\"og:type\" content=\"article\" \/>\n<meta property=\"og:title\" content=\"Pol\u00edtica de privacidade\" \/>\n<meta property=\"og:description\" content=\"Conhe\u00e7a a pol\u00edtica de privacidade da CTN para entender como coletamos, usamos e protegemos suas informa\u00e7\u00f5es pessoais. Confie em n\u00f3s para priorizar sua privacidade e seguran\u00e7a\" \/>\n<meta property=\"og:url\" content=\"https:\/\/ctn.fi\/pt-br\/politica-de-privacidade\/\" \/>\n<meta property=\"og:site_name\" content=\"CTN\" \/>\n<meta property=\"article:publisher\" content=\"https:\/\/facebook.com\/cryotechnordic\" \/>\n<meta property=\"article:modified_time\" content=\"2026-03-22T11:00:44+00:00\" \/>\n<meta name=\"twitter:card\" content=\"summary_large_image\" \/>\n<meta name=\"twitter:site\" content=\"@cryotechnordic\" \/>\n<meta name=\"twitter:label1\" content=\"Est. tempo de leitura\" \/>\n\t<meta name=\"twitter:data1\" content=\"12 minutos\" \/>\n<script type=\"application\/ld+json\" class=\"yoast-schema-graph\">{\"@context\":\"https:\/\/schema.org\",\"@graph\":[{\"@type\":\"WebPage\",\"@id\":\"https:\/\/ctn.fi\/pt-br\/politica-de-privacidade\/\",\"url\":\"https:\/\/ctn.fi\/pt-br\/politica-de-privacidade\/\",\"name\":\"Advanced Recovery Devices l CTN Group - Pol\u00edtica de privacidade - CTN\",\"isPartOf\":{\"@id\":\"https:\/\/ctn.fi\/pt-br\/#website\"},\"datePublished\":\"2026-03-22T11:00:43+00:00\",\"dateModified\":\"2026-03-22T11:00:44+00:00\",\"description\":\"Conhe\u00e7a a pol\u00edtica de privacidade da CTN para entender como coletamos, usamos e protegemos suas informa\u00e7\u00f5es pessoais. Confie em n\u00f3s para priorizar sua privacidade e seguran\u00e7a\",\"breadcrumb\":{\"@id\":\"https:\/\/ctn.fi\/pt-br\/politica-de-privacidade\/#breadcrumb\"},\"inLanguage\":\"pt-BR\",\"potentialAction\":[{\"@type\":\"ReadAction\",\"target\":[\"https:\/\/ctn.fi\/pt-br\/politica-de-privacidade\/\"]}]},{\"@type\":\"BreadcrumbList\",\"@id\":\"https:\/\/ctn.fi\/pt-br\/politica-de-privacidade\/#breadcrumb\",\"itemListElement\":[{\"@type\":\"ListItem\",\"position\":1,\"name\":\"Home\",\"item\":\"https:\/\/ctn.fi\/pt-br\/\"},{\"@type\":\"ListItem\",\"position\":2,\"name\":\"Pol\u00edtica de privacidade\"}]},{\"@type\":\"WebSite\",\"@id\":\"https:\/\/ctn.fi\/pt-br\/#website\",\"url\":\"https:\/\/ctn.fi\/pt-br\/\",\"name\":\"CTN.FI\",\"description\":\"\",\"publisher\":{\"@id\":\"https:\/\/ctn.fi\/pt-br\/#organization\"},\"potentialAction\":[{\"@type\":\"SearchAction\",\"target\":{\"@type\":\"EntryPoint\",\"urlTemplate\":\"https:\/\/ctn.fi\/pt-br\/?s={search_term_string}\"},\"query-input\":{\"@type\":\"PropertyValueSpecification\",\"valueRequired\":true,\"valueName\":\"search_term_string\"}}],\"inLanguage\":\"pt-BR\"},{\"@type\":\"Organization\",\"@id\":\"https:\/\/ctn.fi\/pt-br\/#organization\",\"name\":\"CTN Group\",\"url\":\"https:\/\/ctn.fi\/pt-br\/\",\"logo\":{\"@type\":\"ImageObject\",\"inLanguage\":\"pt-BR\",\"@id\":\"https:\/\/ctn.fi\/pt-br\/#\/schema\/logo\/image\/\",\"url\":\"https:\/\/ctn.fi\/wp-content\/uploads\/2024\/10\/recovery-technologies-logo.png\",\"contentUrl\":\"https:\/\/ctn.fi\/wp-content\/uploads\/2024\/10\/recovery-technologies-logo.png\",\"width\":2000,\"height\":1000,\"caption\":\"CTN Group\"},\"image\":{\"@id\":\"https:\/\/ctn.fi\/pt-br\/#\/schema\/logo\/image\/\"},\"sameAs\":[\"https:\/\/facebook.com\/cryotechnordic\",\"https:\/\/x.com\/cryotechnordic\",\"https:\/\/instagram.com\/ctn.fi\"]}]}<\/script>","yoast_head_json":{"title":"Advanced Recovery Devices l CTN Group - Pol\u00edtica de privacidade - CTN","description":"Conhe\u00e7a a pol\u00edtica de privacidade da CTN para entender como coletamos, usamos e protegemos suas informa\u00e7\u00f5es pessoais. Confie em n\u00f3s para priorizar sua privacidade e seguran\u00e7a","robots":{"index":"index","follow":"follow","max-snippet":"max-snippet:-1","max-image-preview":"max-image-preview:large","max-video-preview":"max-video-preview:-1"},"canonical":"https:\/\/ctn.fi\/pt-br\/politica-de-privacidade\/","og_locale":"pt_BR","og_type":"article","og_title":"Pol\u00edtica de privacidade","og_description":"Conhe\u00e7a a pol\u00edtica de privacidade da CTN para entender como coletamos, usamos e protegemos suas informa\u00e7\u00f5es pessoais. Confie em n\u00f3s para priorizar sua privacidade e seguran\u00e7a","og_url":"https:\/\/ctn.fi\/pt-br\/politica-de-privacidade\/","og_site_name":"CTN","article_publisher":"https:\/\/facebook.com\/cryotechnordic","article_modified_time":"2026-03-22T11:00:44+00:00","twitter_card":"summary_large_image","twitter_site":"@cryotechnordic","twitter_misc":{"Est. tempo de leitura":"12 minutos"},"schema":{"@context":"https:\/\/schema.org","@graph":[{"@type":"WebPage","@id":"https:\/\/ctn.fi\/pt-br\/politica-de-privacidade\/","url":"https:\/\/ctn.fi\/pt-br\/politica-de-privacidade\/","name":"Advanced Recovery Devices l CTN Group - Pol\u00edtica de privacidade - CTN","isPartOf":{"@id":"https:\/\/ctn.fi\/pt-br\/#website"},"datePublished":"2026-03-22T11:00:43+00:00","dateModified":"2026-03-22T11:00:44+00:00","description":"Conhe\u00e7a a pol\u00edtica de privacidade da CTN para entender como coletamos, usamos e protegemos suas informa\u00e7\u00f5es pessoais. Confie em n\u00f3s para priorizar sua privacidade e seguran\u00e7a","breadcrumb":{"@id":"https:\/\/ctn.fi\/pt-br\/politica-de-privacidade\/#breadcrumb"},"inLanguage":"pt-BR","potentialAction":[{"@type":"ReadAction","target":["https:\/\/ctn.fi\/pt-br\/politica-de-privacidade\/"]}]},{"@type":"BreadcrumbList","@id":"https:\/\/ctn.fi\/pt-br\/politica-de-privacidade\/#breadcrumb","itemListElement":[{"@type":"ListItem","position":1,"name":"Home","item":"https:\/\/ctn.fi\/pt-br\/"},{"@type":"ListItem","position":2,"name":"Pol\u00edtica de privacidade"}]},{"@type":"WebSite","@id":"https:\/\/ctn.fi\/pt-br\/#website","url":"https:\/\/ctn.fi\/pt-br\/","name":"CTN.FI","description":"","publisher":{"@id":"https:\/\/ctn.fi\/pt-br\/#organization"},"potentialAction":[{"@type":"SearchAction","target":{"@type":"EntryPoint","urlTemplate":"https:\/\/ctn.fi\/pt-br\/?s={search_term_string}"},"query-input":{"@type":"PropertyValueSpecification","valueRequired":true,"valueName":"search_term_string"}}],"inLanguage":"pt-BR"},{"@type":"Organization","@id":"https:\/\/ctn.fi\/pt-br\/#organization","name":"CTN Group","url":"https:\/\/ctn.fi\/pt-br\/","logo":{"@type":"ImageObject","inLanguage":"pt-BR","@id":"https:\/\/ctn.fi\/pt-br\/#\/schema\/logo\/image\/","url":"https:\/\/ctn.fi\/wp-content\/uploads\/2024\/10\/recovery-technologies-logo.png","contentUrl":"https:\/\/ctn.fi\/wp-content\/uploads\/2024\/10\/recovery-technologies-logo.png","width":2000,"height":1000,"caption":"CTN Group"},"image":{"@id":"https:\/\/ctn.fi\/pt-br\/#\/schema\/logo\/image\/"},"sameAs":["https:\/\/facebook.com\/cryotechnordic","https:\/\/x.com\/cryotechnordic","https:\/\/instagram.com\/ctn.fi"]}]}},"_links":{"self":[{"href":"https:\/\/ctn.fi\/pt-br\/wp-json\/wp\/v2\/pages\/26887"}],"collection":[{"href":"https:\/\/ctn.fi\/pt-br\/wp-json\/wp\/v2\/pages"}],"about":[{"href":"https:\/\/ctn.fi\/pt-br\/wp-json\/wp\/v2\/types\/page"}],"author":[{"embeddable":true,"href":"https:\/\/ctn.fi\/pt-br\/wp-json\/wp\/v2\/users\/1"}],"replies":[{"embeddable":true,"href":"https:\/\/ctn.fi\/pt-br\/wp-json\/wp\/v2\/comments?post=26887"}],"version-history":[{"count":2,"href":"https:\/\/ctn.fi\/pt-br\/wp-json\/wp\/v2\/pages\/26887\/revisions"}],"predecessor-version":[{"id":26889,"href":"https:\/\/ctn.fi\/pt-br\/wp-json\/wp\/v2\/pages\/26887\/revisions\/26889"}],"wp:attachment":[{"href":"https:\/\/ctn.fi\/pt-br\/wp-json\/wp\/v2\/media?parent=26887"}],"curies":[{"name":"wp","href":"https:\/\/api.w.org\/{rel}","templated":true}]}}