{"id":4304,"date":"2023-02-01T11:41:29","date_gmt":"2023-02-01T09:41:29","guid":{"rendered":"https:\/\/ctn.fi\/store\/?post_type=product&#038;p=4304"},"modified":"2026-05-01T22:25:46","modified_gmt":"2026-05-01T19:25:46","slug":"cryomask","status":"publish","type":"product","link":"https:\/\/ctn.fi\/store\/tuote\/cryomask\/","title":{"rendered":"Cryo\u00b0Mask"},"content":{"rendered":"<p>Huippukylm\u00e4hoitoa voi tehd\u00e4 my\u00f6s kasvoille siihen suunnitellulla cryofacial-maskilla.<\/p>\n","protected":false},"excerpt":{"rendered":"<p>Cryofacial-maski<\/p>\n","protected":false},"featured_media":7012,"template":"","meta":[],"product_brand":[],"product_cat":[685,212],"product_tag":[287],"class_list":{"0":"post-4304","1":"product","2":"type-product","3":"status-publish","4":"has-post-thumbnail","6":"product_cat-etusivuapplicators","7":"product_cat-xcryo-hoitopaat","8":"product_tag-xcryo","10":"first","11":"instock","12":"taxable","13":"shipping-taxable","14":"purchasable","15":"product-type-variable"},"yoast_head":"<!-- This site is optimized with the Yoast SEO plugin v27.5 - https:\/\/yoast.com\/product\/yoast-seo-wordpress\/ -->\n<title>Cryo\u00b0Mask - CTN<\/title>\n<meta name=\"robots\" content=\"noindex, follow, max-snippet:-1, max-image-preview:large, max-video-preview:-1\" \/>\n<meta property=\"og:locale\" content=\"en_US\" \/>\n<meta property=\"og:type\" content=\"article\" \/>\n<meta property=\"og:title\" content=\"Cryo\u00b0Mask - CTN\" \/>\n<meta property=\"og:description\" content=\"Cryofacial-maski\" \/>\n<meta property=\"og:url\" content=\"https:\/\/ctn.fi\/store\/tuote\/cryomask\/\" \/>\n<meta property=\"og:site_name\" content=\"CTN\" \/>\n<meta property=\"article:modified_time\" content=\"2026-05-01T19:25:46+00:00\" \/>\n<meta property=\"og:image\" content=\"https:\/\/ctn.fi\/store\/wp-content\/uploads\/2023\/02\/xcryo_mask.png\" \/>\n\t<meta property=\"og:image:width\" content=\"800\" \/>\n\t<meta property=\"og:image:height\" content=\"1000\" \/>\n\t<meta property=\"og:image:type\" content=\"image\/png\" \/>\n<meta name=\"twitter:card\" content=\"summary_large_image\" \/>\n<meta name=\"twitter:label1\" content=\"Est. reading time\" \/>\n\t<meta name=\"twitter:data1\" content=\"1 minute\" \/>\n<script type=\"application\/ld+json\" class=\"yoast-schema-graph\">{\"@context\":\"https:\\\/\\\/schema.org\",\"@graph\":[{\"@type\":\"WebPage\",\"@id\":\"https:\\\/\\\/ctn.fi\\\/store\\\/tuote\\\/cryomask\\\/\",\"url\":\"https:\\\/\\\/ctn.fi\\\/store\\\/tuote\\\/cryomask\\\/\",\"name\":\"Cryo\u00b0Mask - CTN\",\"isPartOf\":{\"@id\":\"https:\\\/\\\/ctn.fi\\\/store\\\/#website\"},\"primaryImageOfPage\":{\"@id\":\"https:\\\/\\\/ctn.fi\\\/store\\\/tuote\\\/cryomask\\\/#primaryimage\"},\"image\":{\"@id\":\"https:\\\/\\\/ctn.fi\\\/store\\\/tuote\\\/cryomask\\\/#primaryimage\"},\"thumbnailUrl\":\"https:\\\/\\\/ctn.fi\\\/store\\\/wp-content\\\/uploads\\\/2023\\\/02\\\/xcryo_mask.png\",\"datePublished\":\"2023-02-01T09:41:29+00:00\",\"dateModified\":\"2026-05-01T19:25:46+00:00\",\"breadcrumb\":{\"@id\":\"https:\\\/\\\/ctn.fi\\\/store\\\/tuote\\\/cryomask\\\/#breadcrumb\"},\"inLanguage\":\"en-US\",\"potentialAction\":[{\"@type\":\"ReadAction\",\"target\":[\"https:\\\/\\\/ctn.fi\\\/store\\\/tuote\\\/cryomask\\\/\"]}]},{\"@type\":\"ImageObject\",\"inLanguage\":\"en-US\",\"@id\":\"https:\\\/\\\/ctn.fi\\\/store\\\/tuote\\\/cryomask\\\/#primaryimage\",\"url\":\"https:\\\/\\\/ctn.fi\\\/store\\\/wp-content\\\/uploads\\\/2023\\\/02\\\/xcryo_mask.png\",\"contentUrl\":\"https:\\\/\\\/ctn.fi\\\/store\\\/wp-content\\\/uploads\\\/2023\\\/02\\\/xcryo_mask.png\",\"width\":800,\"height\":1000},{\"@type\":\"BreadcrumbList\",\"@id\":\"https:\\\/\\\/ctn.fi\\\/store\\\/tuote\\\/cryomask\\\/#breadcrumb\",\"itemListElement\":[{\"@type\":\"ListItem\",\"position\":1,\"name\":\"Home\",\"item\":\"https:\\\/\\\/ctn.fi\\\/store\\\/\"},{\"@type\":\"ListItem\",\"position\":2,\"name\":\"Products\",\"item\":\"https:\\\/\\\/ctn.fi\\\/store\\\/kauppa\\\/\"},{\"@type\":\"ListItem\",\"position\":3,\"name\":\"Cryo\u00b0Mask\"}]},{\"@type\":\"WebSite\",\"@id\":\"https:\\\/\\\/ctn.fi\\\/store\\\/#website\",\"url\":\"https:\\\/\\\/ctn.fi\\\/store\\\/\",\"name\":\"CTN\",\"description\":\"\",\"potentialAction\":[{\"@type\":\"SearchAction\",\"target\":{\"@type\":\"EntryPoint\",\"urlTemplate\":\"https:\\\/\\\/ctn.fi\\\/store\\\/?s={search_term_string}\"},\"query-input\":{\"@type\":\"PropertyValueSpecification\",\"valueRequired\":true,\"valueName\":\"search_term_string\"}}],\"inLanguage\":\"en-US\"}]}<\/script>\n<!-- \/ Yoast SEO plugin. -->","yoast_head_json":{"title":"Cryo\u00b0Mask - CTN","robots":{"index":"noindex","follow":"follow","max-snippet":"max-snippet:-1","max-image-preview":"max-image-preview:large","max-video-preview":"max-video-preview:-1"},"og_locale":"en_US","og_type":"article","og_title":"Cryo\u00b0Mask - CTN","og_description":"Cryofacial-maski","og_url":"https:\/\/ctn.fi\/store\/tuote\/cryomask\/","og_site_name":"CTN","article_modified_time":"2026-05-01T19:25:46+00:00","og_image":[{"width":800,"height":1000,"url":"https:\/\/ctn.fi\/store\/wp-content\/uploads\/2023\/02\/xcryo_mask.png","type":"image\/png"}],"twitter_card":"summary_large_image","twitter_misc":{"Est. reading time":"1 minute"},"schema":{"@context":"https:\/\/schema.org","@graph":[{"@type":"WebPage","@id":"https:\/\/ctn.fi\/store\/tuote\/cryomask\/","url":"https:\/\/ctn.fi\/store\/tuote\/cryomask\/","name":"Cryo\u00b0Mask - CTN","isPartOf":{"@id":"https:\/\/ctn.fi\/store\/#website"},"primaryImageOfPage":{"@id":"https:\/\/ctn.fi\/store\/tuote\/cryomask\/#primaryimage"},"image":{"@id":"https:\/\/ctn.fi\/store\/tuote\/cryomask\/#primaryimage"},"thumbnailUrl":"https:\/\/ctn.fi\/store\/wp-content\/uploads\/2023\/02\/xcryo_mask.png","datePublished":"2023-02-01T09:41:29+00:00","dateModified":"2026-05-01T19:25:46+00:00","breadcrumb":{"@id":"https:\/\/ctn.fi\/store\/tuote\/cryomask\/#breadcrumb"},"inLanguage":"en-US","potentialAction":[{"@type":"ReadAction","target":["https:\/\/ctn.fi\/store\/tuote\/cryomask\/"]}]},{"@type":"ImageObject","inLanguage":"en-US","@id":"https:\/\/ctn.fi\/store\/tuote\/cryomask\/#primaryimage","url":"https:\/\/ctn.fi\/store\/wp-content\/uploads\/2023\/02\/xcryo_mask.png","contentUrl":"https:\/\/ctn.fi\/store\/wp-content\/uploads\/2023\/02\/xcryo_mask.png","width":800,"height":1000},{"@type":"BreadcrumbList","@id":"https:\/\/ctn.fi\/store\/tuote\/cryomask\/#breadcrumb","itemListElement":[{"@type":"ListItem","position":1,"name":"Home","item":"https:\/\/ctn.fi\/store\/"},{"@type":"ListItem","position":2,"name":"Products","item":"https:\/\/ctn.fi\/store\/kauppa\/"},{"@type":"ListItem","position":3,"name":"Cryo\u00b0Mask"}]},{"@type":"WebSite","@id":"https:\/\/ctn.fi\/store\/#website","url":"https:\/\/ctn.fi\/store\/","name":"CTN","description":"","potentialAction":[{"@type":"SearchAction","target":{"@type":"EntryPoint","urlTemplate":"https:\/\/ctn.fi\/store\/?s={search_term_string}"},"query-input":{"@type":"PropertyValueSpecification","valueRequired":true,"valueName":"search_term_string"}}],"inLanguage":"en-US"}]}},"lang":"fi","translations":{"fi":4304,"en":4326},"pll_sync_post":[],"_links":{"self":[{"href":"https:\/\/ctn.fi\/store\/wp-json\/wp\/v2\/product\/4304","targetHints":{"allow":["GET"]}}],"collection":[{"href":"https:\/\/ctn.fi\/store\/wp-json\/wp\/v2\/product"}],"about":[{"href":"https:\/\/ctn.fi\/store\/wp-json\/wp\/v2\/types\/product"}],"wp:featuredmedia":[{"embeddable":true,"href":"https:\/\/ctn.fi\/store\/wp-json\/wp\/v2\/media\/7012"}],"wp:attachment":[{"href":"https:\/\/ctn.fi\/store\/wp-json\/wp\/v2\/media?parent=4304"}],"wp:term":[{"taxonomy":"product_brand","embeddable":true,"href":"https:\/\/ctn.fi\/store\/wp-json\/wp\/v2\/product_brand?post=4304"},{"taxonomy":"product_cat","embeddable":true,"href":"https:\/\/ctn.fi\/store\/wp-json\/wp\/v2\/product_cat?post=4304"},{"taxonomy":"product_tag","embeddable":true,"href":"https:\/\/ctn.fi\/store\/wp-json\/wp\/v2\/product_tag?post=4304"}],"curies":[{"name":"wp","href":"https:\/\/api.w.org\/{rel}","templated":true}]}}