{"id":9135,"date":"2024-11-15T11:00:13","date_gmt":"2024-11-15T09:00:13","guid":{"rendered":"https:\/\/ctn.fi\/store\/?post_type=product&#038;p=9135"},"modified":"2026-05-01T22:21:45","modified_gmt":"2026-05-01T19:21:45","slug":"cryometer","status":"publish","type":"product","link":"https:\/\/ctn.fi\/store\/tuote\/cryometer\/","title":{"rendered":"Cryo\u00b0Meter"},"content":{"rendered":"<p><span style=\"color: #000000;\">X\u00b0CRYO\u2122-huippukylm\u00e4hoitolaitteeseen suunniteltu infrapunal\u00e4mp\u00f6mittari tarjoaa v\u00e4litt\u00f6m\u00e4t ja tarkat l\u00e4mp\u00f6tilalukemat, jotka takaavat hoitojen turvallisuuden ja tarkkuuden. T\u00e4m\u00e4 korkealaatuinen lis\u00e4varuste sopii erinomaisesti niin koti- kuin ammattik\u00e4ytt\u00f6\u00f6n.<\/span><\/p>\n","protected":false},"excerpt":{"rendered":"<p>Hoitokupit eiv\u00e4t sis\u00e4lly hintaan.<\/p>\n","protected":false},"featured_media":9309,"template":"","meta":[],"product_brand":[],"product_cat":[685,212],"product_tag":[],"class_list":{"0":"post-9135","1":"product","2":"type-product","3":"status-publish","4":"has-post-thumbnail","6":"product_cat-etusivuapplicators","7":"product_cat-xcryo-hoitopaat","9":"first","10":"instock","11":"taxable","12":"shipping-taxable","13":"purchasable","14":"product-type-simple"},"yoast_head":"<!-- This site is optimized with the Yoast SEO plugin v27.5 - https:\/\/yoast.com\/product\/yoast-seo-wordpress\/ -->\n<title>Cryo\u00b0Meter - CTN<\/title>\n<meta name=\"robots\" content=\"noindex, follow, max-snippet:-1, max-image-preview:large, max-video-preview:-1\" \/>\n<meta property=\"og:locale\" content=\"en_US\" \/>\n<meta property=\"og:type\" content=\"article\" \/>\n<meta property=\"og:title\" content=\"Cryo\u00b0Meter - CTN\" \/>\n<meta property=\"og:description\" content=\"Hoitokupit eiv\u00e4t sis\u00e4lly hintaan.\" \/>\n<meta property=\"og:url\" content=\"https:\/\/ctn.fi\/store\/tuote\/cryometer\/\" \/>\n<meta property=\"og:site_name\" content=\"CTN\" \/>\n<meta property=\"article:modified_time\" content=\"2026-05-01T19:21:45+00:00\" \/>\n<meta property=\"og:image\" content=\"https:\/\/ctn.fi\/store\/wp-content\/uploads\/2024\/11\/Cryo\u00b0Meter.jpg\" \/>\n\t<meta property=\"og:image:width\" content=\"800\" \/>\n\t<meta property=\"og:image:height\" content=\"1000\" \/>\n\t<meta property=\"og:image:type\" content=\"image\/jpeg\" \/>\n<meta name=\"twitter:card\" content=\"summary_large_image\" \/>\n<meta name=\"twitter:label1\" content=\"Est. reading time\" \/>\n\t<meta name=\"twitter:data1\" content=\"1 minute\" \/>\n<script type=\"application\/ld+json\" class=\"yoast-schema-graph\">{\"@context\":\"https:\\\/\\\/schema.org\",\"@graph\":[{\"@type\":\"WebPage\",\"@id\":\"https:\\\/\\\/ctn.fi\\\/store\\\/tuote\\\/cryometer\\\/\",\"url\":\"https:\\\/\\\/ctn.fi\\\/store\\\/tuote\\\/cryometer\\\/\",\"name\":\"Cryo\u00b0Meter - CTN\",\"isPartOf\":{\"@id\":\"https:\\\/\\\/ctn.fi\\\/store\\\/#website\"},\"primaryImageOfPage\":{\"@id\":\"https:\\\/\\\/ctn.fi\\\/store\\\/tuote\\\/cryometer\\\/#primaryimage\"},\"image\":{\"@id\":\"https:\\\/\\\/ctn.fi\\\/store\\\/tuote\\\/cryometer\\\/#primaryimage\"},\"thumbnailUrl\":\"https:\\\/\\\/ctn.fi\\\/store\\\/wp-content\\\/uploads\\\/2024\\\/11\\\/Cryo\u00b0Meter.jpg\",\"datePublished\":\"2024-11-15T09:00:13+00:00\",\"dateModified\":\"2026-05-01T19:21:45+00:00\",\"breadcrumb\":{\"@id\":\"https:\\\/\\\/ctn.fi\\\/store\\\/tuote\\\/cryometer\\\/#breadcrumb\"},\"inLanguage\":\"en-US\",\"potentialAction\":[{\"@type\":\"ReadAction\",\"target\":[\"https:\\\/\\\/ctn.fi\\\/store\\\/tuote\\\/cryometer\\\/\"]}]},{\"@type\":\"ImageObject\",\"inLanguage\":\"en-US\",\"@id\":\"https:\\\/\\\/ctn.fi\\\/store\\\/tuote\\\/cryometer\\\/#primaryimage\",\"url\":\"https:\\\/\\\/ctn.fi\\\/store\\\/wp-content\\\/uploads\\\/2024\\\/11\\\/Cryo\u00b0Meter.jpg\",\"contentUrl\":\"https:\\\/\\\/ctn.fi\\\/store\\\/wp-content\\\/uploads\\\/2024\\\/11\\\/Cryo\u00b0Meter.jpg\",\"width\":800,\"height\":1000},{\"@type\":\"BreadcrumbList\",\"@id\":\"https:\\\/\\\/ctn.fi\\\/store\\\/tuote\\\/cryometer\\\/#breadcrumb\",\"itemListElement\":[{\"@type\":\"ListItem\",\"position\":1,\"name\":\"Home\",\"item\":\"https:\\\/\\\/ctn.fi\\\/store\\\/\"},{\"@type\":\"ListItem\",\"position\":2,\"name\":\"Products\",\"item\":\"https:\\\/\\\/ctn.fi\\\/store\\\/kauppa\\\/\"},{\"@type\":\"ListItem\",\"position\":3,\"name\":\"Cryo\u00b0Meter\"}]},{\"@type\":\"WebSite\",\"@id\":\"https:\\\/\\\/ctn.fi\\\/store\\\/#website\",\"url\":\"https:\\\/\\\/ctn.fi\\\/store\\\/\",\"name\":\"CTN\",\"description\":\"\",\"potentialAction\":[{\"@type\":\"SearchAction\",\"target\":{\"@type\":\"EntryPoint\",\"urlTemplate\":\"https:\\\/\\\/ctn.fi\\\/store\\\/?s={search_term_string}\"},\"query-input\":{\"@type\":\"PropertyValueSpecification\",\"valueRequired\":true,\"valueName\":\"search_term_string\"}}],\"inLanguage\":\"en-US\"}]}<\/script>\n<!-- \/ Yoast SEO plugin. -->","yoast_head_json":{"title":"Cryo\u00b0Meter - CTN","robots":{"index":"noindex","follow":"follow","max-snippet":"max-snippet:-1","max-image-preview":"max-image-preview:large","max-video-preview":"max-video-preview:-1"},"og_locale":"en_US","og_type":"article","og_title":"Cryo\u00b0Meter - CTN","og_description":"Hoitokupit eiv\u00e4t sis\u00e4lly hintaan.","og_url":"https:\/\/ctn.fi\/store\/tuote\/cryometer\/","og_site_name":"CTN","article_modified_time":"2026-05-01T19:21:45+00:00","og_image":[{"width":800,"height":1000,"url":"https:\/\/ctn.fi\/store\/wp-content\/uploads\/2024\/11\/Cryo\u00b0Meter.jpg","type":"image\/jpeg"}],"twitter_card":"summary_large_image","twitter_misc":{"Est. reading time":"1 minute"},"schema":{"@context":"https:\/\/schema.org","@graph":[{"@type":"WebPage","@id":"https:\/\/ctn.fi\/store\/tuote\/cryometer\/","url":"https:\/\/ctn.fi\/store\/tuote\/cryometer\/","name":"Cryo\u00b0Meter - CTN","isPartOf":{"@id":"https:\/\/ctn.fi\/store\/#website"},"primaryImageOfPage":{"@id":"https:\/\/ctn.fi\/store\/tuote\/cryometer\/#primaryimage"},"image":{"@id":"https:\/\/ctn.fi\/store\/tuote\/cryometer\/#primaryimage"},"thumbnailUrl":"https:\/\/ctn.fi\/store\/wp-content\/uploads\/2024\/11\/Cryo\u00b0Meter.jpg","datePublished":"2024-11-15T09:00:13+00:00","dateModified":"2026-05-01T19:21:45+00:00","breadcrumb":{"@id":"https:\/\/ctn.fi\/store\/tuote\/cryometer\/#breadcrumb"},"inLanguage":"en-US","potentialAction":[{"@type":"ReadAction","target":["https:\/\/ctn.fi\/store\/tuote\/cryometer\/"]}]},{"@type":"ImageObject","inLanguage":"en-US","@id":"https:\/\/ctn.fi\/store\/tuote\/cryometer\/#primaryimage","url":"https:\/\/ctn.fi\/store\/wp-content\/uploads\/2024\/11\/Cryo\u00b0Meter.jpg","contentUrl":"https:\/\/ctn.fi\/store\/wp-content\/uploads\/2024\/11\/Cryo\u00b0Meter.jpg","width":800,"height":1000},{"@type":"BreadcrumbList","@id":"https:\/\/ctn.fi\/store\/tuote\/cryometer\/#breadcrumb","itemListElement":[{"@type":"ListItem","position":1,"name":"Home","item":"https:\/\/ctn.fi\/store\/"},{"@type":"ListItem","position":2,"name":"Products","item":"https:\/\/ctn.fi\/store\/kauppa\/"},{"@type":"ListItem","position":3,"name":"Cryo\u00b0Meter"}]},{"@type":"WebSite","@id":"https:\/\/ctn.fi\/store\/#website","url":"https:\/\/ctn.fi\/store\/","name":"CTN","description":"","potentialAction":[{"@type":"SearchAction","target":{"@type":"EntryPoint","urlTemplate":"https:\/\/ctn.fi\/store\/?s={search_term_string}"},"query-input":{"@type":"PropertyValueSpecification","valueRequired":true,"valueName":"search_term_string"}}],"inLanguage":"en-US"}]}},"lang":"fi","translations":{"fi":9135,"en":9137},"pll_sync_post":[],"_links":{"self":[{"href":"https:\/\/ctn.fi\/store\/wp-json\/wp\/v2\/product\/9135","targetHints":{"allow":["GET"]}}],"collection":[{"href":"https:\/\/ctn.fi\/store\/wp-json\/wp\/v2\/product"}],"about":[{"href":"https:\/\/ctn.fi\/store\/wp-json\/wp\/v2\/types\/product"}],"wp:featuredmedia":[{"embeddable":true,"href":"https:\/\/ctn.fi\/store\/wp-json\/wp\/v2\/media\/9309"}],"wp:attachment":[{"href":"https:\/\/ctn.fi\/store\/wp-json\/wp\/v2\/media?parent=9135"}],"wp:term":[{"taxonomy":"product_brand","embeddable":true,"href":"https:\/\/ctn.fi\/store\/wp-json\/wp\/v2\/product_brand?post=9135"},{"taxonomy":"product_cat","embeddable":true,"href":"https:\/\/ctn.fi\/store\/wp-json\/wp\/v2\/product_cat?post=9135"},{"taxonomy":"product_tag","embeddable":true,"href":"https:\/\/ctn.fi\/store\/wp-json\/wp\/v2\/product_tag?post=9135"}],"curies":[{"name":"wp","href":"https:\/\/api.w.org\/{rel}","templated":true}]}}