{"id":26890,"date":"2026-03-22T13:01:08","date_gmt":"2026-03-22T11:01:08","guid":{"rendered":"https:\/\/ctn.fi\/integritetspolicy\/"},"modified":"2026-03-22T13:01:09","modified_gmt":"2026-03-22T11:01:09","slug":"integritetspolicy","status":"publish","type":"page","link":"https:\/\/ctn.fi\/sv\/integritetspolicy\/","title":{"rendered":"Integritetspolicy"},"content":{"rendered":"<p><div class=\"fusion-fullwidth fullwidth-box fusion-builder-row-1 fusion-flex-container nonhundred-percent-fullwidth non-hundred-percent-height-scrolling\" style=\"--awb-border-radius-top-left:0px;--awb-border-radius-top-right:0px;--awb-border-radius-bottom-right:0px;--awb-border-radius-bottom-left:0px;--awb-padding-top:0px;--awb-flex-wrap:wrap;\" ><div class=\"fusion-builder-row fusion-row fusion-flex-align-items-flex-start fusion-flex-content-wrap\" style=\"max-width:1144px;margin-left: calc(-4% \/ 2 );margin-right: calc(-4% \/ 2 );\"><div class=\"fusion-layout-column fusion_builder_column fusion-builder-column-0 fusion_builder_column_1_1 1_1 fusion-flex-column\" style=\"--awb-bg-size:cover;--awb-width-large:100%;--awb-margin-top-large:0px;--awb-spacing-right-large:1.92%;--awb-margin-bottom-large:20px;--awb-spacing-left-large:1.92%;--awb-width-medium:100%;--awb-order-medium:0;--awb-spacing-right-medium:1.92%;--awb-spacing-left-medium:1.92%;--awb-width-small:100%;--awb-order-small:0;--awb-spacing-right-small:1.92%;--awb-spacing-left-small:1.92%;\"><div class=\"fusion-column-wrapper fusion-column-has-shadow fusion-flex-justify-content-flex-start fusion-content-layout-column\"><div class=\"fusion-text fusion-text-1\"><h1 style=\"text-align: center;\">Integritetspolicy<\/h1>\n<\/div><\/div><\/div><\/div><\/div><div class=\"fusion-fullwidth fullwidth-box fusion-builder-row-2 fusion-flex-container nonhundred-percent-fullwidth non-hundred-percent-height-scrolling\" style=\"--awb-border-radius-top-left:0px;--awb-border-radius-top-right:0px;--awb-border-radius-bottom-right:0px;--awb-border-radius-bottom-left:0px;--awb-flex-wrap:wrap;\" ><div class=\"fusion-builder-row fusion-row fusion-flex-align-items-flex-start fusion-flex-content-wrap\" style=\"max-width:1144px;margin-left: calc(-4% \/ 2 );margin-right: calc(-4% \/ 2 );\"><div class=\"fusion-layout-column fusion_builder_column fusion-builder-column-1 fusion_builder_column_1_1 1_1 fusion-flex-column\" style=\"--awb-bg-size:cover;--awb-width-large:100%;--awb-margin-top-large:0px;--awb-spacing-right-large:1.92%;--awb-margin-bottom-large:20px;--awb-spacing-left-large:1.92%;--awb-width-medium:100%;--awb-order-medium:0;--awb-spacing-right-medium:1.92%;--awb-spacing-left-medium:1.92%;--awb-width-small:100%;--awb-order-small:0;--awb-spacing-right-small:1.92%;--awb-spacing-left-small:1.92%;\"><div class=\"fusion-column-wrapper fusion-column-has-shadow fusion-flex-justify-content-flex-start fusion-content-layout-column\"><div class=\"fusion-text fusion-text-2\"><h3><\/h3>\n<p>Datum f\u00f6r ikrafttr\u00e4dande: 8 april 2025<\/p>\n<p><span style=\"color: var(--awb-text-color); font-family: var(--awb-text-font-family); font-size: var(--awb-font-size); font-style: var(--awb-text-font-style); font-weight: var(--awb-text-font-weight); letter-spacing: var(--awb-letter-spacing); text-align: var(--awb-content-alignment); text-transform: var(--awb-text-transform); background-color: var(--awb-bg-color-hover);\">CTN respekterar din integritet och \u00e4r fast besluten att skydda dina personuppgifter. Denna integritetspolicy beskriver vilka typer av information vi samlar in p\u00e5 www.ctn.fi (&#8221;webbplatsen&#8221;), hur vi anv\u00e4nder och delar den informationen, vilka r\u00e4ttigheter och val du har och vilka \u00e5tg\u00e4rder vi vidtar f\u00f6r att skydda den. <\/span><\/p>\n<p><span style=\"color: var(--h3_typography-color); font-family: var(--h3_typography-font-family); font-size: var(--h3_typography-font-size); font-style: var(--h3_typography-font-style,normal); font-weight: var(--h3_typography-font-weight); letter-spacing: var(--h3_typography-letter-spacing); text-transform: var(--h3_typography-text-transform); text-align: var(--awb-content-alignment); background-color: var(--awb-bg-color-hover);\">Information som vi erh\u00e5ller<\/span><\/p>\n<p>Du kan l\u00e4mna personuppgifter till oss p\u00e5 olika s\u00e4tt, bland annat genom att:<\/p>\n<p>&#8211; Fylla i kontakt- eller offertf\u00f6rfr\u00e5gningsformul\u00e4r (inklusive de som drivs av tj\u00e4nster fr\u00e5n tredje part som HeadQ.io);<\/p>\n<p>&#8211; Skicka in f\u00f6rfr\u00e5gningar eller feedback via e-post;<\/p>\n<p>&#8211; Anm\u00e4la dig till nyhetsbrev eller evenemang.<\/p>\n<p>Den information vi samlar in kan omfatta ditt namn, e-postadress, telefonnummer, f\u00f6retagsnamn och andra uppgifter som du v\u00e4ljer att dela med dig av.<\/p>\n<p><span style=\"color: var(--awb-text-color); font-family: var(--awb-text-font-family); font-size: var(--awb-font-size); font-style: var(--awb-text-font-style); font-weight: var(--awb-text-font-weight); letter-spacing: var(--awb-letter-spacing); text-align: var(--awb-content-alignment); text-transform: var(--awb-text-transform); background-color: var(--awb-bg-color-hover);\">Du \u00e4r inte skyldig att l\u00e4mna personuppgifter, men om du v\u00e4ljer att inte g\u00f6ra det kan det begr\u00e4nsa din m\u00f6jlighet att anv\u00e4nda vissa funktioner p\u00e5 webbplatsen.<\/span><\/p>\n<p><span style=\"background-color: var(--awb-bg-color-hover); color: var(--h3_typography-color); font-family: var(--h3_typography-font-family); font-size: var(--h3_typography-font-size); font-style: var(--h3_typography-font-style,normal); font-weight: var(--h3_typography-font-weight); letter-spacing: var(--h3_typography-letter-spacing); text-align: var(--awb-content-alignment); text-transform: var(--h3_typography-text-transform);\">Hur vi anv\u00e4nder den information vi erh\u00e5ller<\/span><\/p>\n<p>Vi kan anv\u00e4nda de personuppgifter vi samlar in f\u00f6r att:<\/p>\n<p>&#8211; Behandla och besvara f\u00f6rfr\u00e5gningar, offertf\u00f6rfr\u00e5gningar eller andra inlagor;<\/p>\n<p>&#8211; Tillhandah\u00e5lla och f\u00f6rb\u00e4ttra v\u00e5ra tj\u00e4nster;<\/p>\n<p>&#8211; Anpassa din upplevelse p\u00e5 webbplatsen;<\/p>\n<p>&#8211; Kommunicera med dig om produkter, tj\u00e4nster, uppdateringar och erbjudanden;<\/p>\n<p>&#8211; Analysera anv\u00e4ndningen och f\u00f6rb\u00e4ttra prestandan p\u00e5 webbplatsen;<\/p>\n<p>&#8211; Uppfylla r\u00e4ttsliga skyldigheter och skydda v\u00e5ra r\u00e4ttigheter.<\/p>\n<p>N\u00e4r s\u00e5 kr\u00e4vs behandlar vi dina personuppgifter baserat p\u00e5 ditt samtycke, v\u00e5ra avtalsenliga skyldigheter eller v\u00e5ra legitima intressen (t.ex. att driva och f\u00f6rb\u00e4ttra webbplatsen).<\/p>\n<h3>Automatiserad insamling av data<\/h3>\n<p>N\u00e4r du anv\u00e4nder webbplatsen kan vi f\u00e5 viss information p\u00e5 automatiserade s\u00e4tt, t.ex. genom webbl\u00e4sarcookies. Den information vi f\u00e5r p\u00e5 detta s\u00e4tt kan omfatta enhetens IP-adress, dom\u00e4nnamn, identifierare som \u00e4r kopplade till dina enheter, typ av enhet och operativsystem och egenskaper, webbl\u00e4saregenskaper, spr\u00e5kpreferenser, klickstr\u00f6msdata, dina interaktioner med webbplatsen (t.ex. de webbsidor du bes\u00f6ker, l\u00e4nkar du klickar p\u00e5 och funktioner du anv\u00e4nder), de sidor som ledde eller h\u00e4nvisade dig till webbplatsen, datum och tid f\u00f6r \u00e5tkomst till webbplatsen och annan information om din anv\u00e4ndning av webbplatsen. <\/p>\n<p>En &#8221;cookie&#8221; \u00e4r en textfil som webbplatser skickar till en bes\u00f6kares dator eller annan internetansluten enhet f\u00f6r att unikt identifiera bes\u00f6karens webbl\u00e4sare eller f\u00f6r att lagra information eller inst\u00e4llningar i webbl\u00e4saren. Denna teknik hj\u00e4lper oss att (1) komma ih\u00e5g din information s\u00e5 att du inte beh\u00f6ver ange den p\u00e5 nytt; (2) sp\u00e5ra och f\u00f6rst\u00e5 hur du anv\u00e4nder och interagerar med webbplatsen; (3) skr\u00e4ddarsy webbplatsen efter dina preferenser; (4) m\u00e4ta webbplatsens anv\u00e4ndbarhet; (5) f\u00f6rst\u00e5 effektiviteten i v\u00e5r kommunikation; och (6) p\u00e5 annat s\u00e4tt hantera och f\u00f6rb\u00e4ttra webbplatsen. <\/p>\n<p>I den utstr\u00e4ckning som kr\u00e4vs enligt till\u00e4mplig lag kommer vi att inh\u00e4mta ditt samtycke innan vi placerar cookies eller liknande teknik p\u00e5 din dator. Du kan f\u00f6rhindra att vissa typer av cookies laddas ner p\u00e5 din dator genom att v\u00e4lja l\u00e4mpliga inst\u00e4llningar i din webbl\u00e4sare. I de flesta webbl\u00e4sare finns information om hur du kan stoppa mottagandet av nya cookies, hur du kan bli meddelad n\u00e4r du f\u00e5r en ny cookie och hur du kan inaktivera befintliga cookies. Du kan ta reda p\u00e5 hur du g\u00f6r detta f\u00f6r just din webbl\u00e4sare genom att klicka p\u00e5 &#8221;hj\u00e4lp&#8221; i din webbl\u00e4sares meny eller genom att bes\u00f6ka www.allaboutcookies.org. Webbplatsen \u00e4r inte utformad f\u00f6r att svara p\u00e5 &#8221;sp\u00e5ra inte&#8221;-signaler som tas emot fr\u00e5n webbl\u00e4sare. Observera att utan cookies eller andra automatiserade verktyg kanske du inte kan anv\u00e4nda alla funktioner p\u00e5 webbplatsen.     <\/p>\n<p>Vi samlar inte in personuppgifter om dina onlineaktiviteter under en viss tid och p\u00e5 tredje parts webbplatser, enheter och andra onlinetj\u00e4nster. P\u00e5 webbplatsen anv\u00e4nder vi analystj\u00e4nster fr\u00e5n tredje part, t.ex. Google Analytics. De tj\u00e4nsteleverant\u00f6rer som administrerar dessa analystj\u00e4nster anv\u00e4nder automatiserad teknik f\u00f6r att samla in data (t.ex. e-postadresser, IP-adresser, cookies och andra enhetsidentifierare) f\u00f6r att utv\u00e4rdera t.ex. anv\u00e4ndningen av webbplatsen och f\u00f6r att diagnostisera tekniska problem. Om du vill veta mer om Google Analytics kan du bes\u00f6ka <a href=\"https:\/\/marketingplatform.google.com\/about\/\" target=\"_blank\" rel=\"noopener\">www.google.com\/analytics\/learn\/privacy.html.<\/a>   <\/p>\n<h3>Delning av information<\/h3>\n<p>Vi l\u00e4mnar inte ut personuppgifter som vi erh\u00e5ller om dig, f\u00f6rutom enligt vad som beskrivs i denna integritetspolicy. Vi kan dela din personliga information med v\u00e5ra (1) dotterbolag och n\u00e4rst\u00e5ende bolag och (2) tj\u00e4nsteleverant\u00f6rer som utf\u00f6r tj\u00e4nster f\u00f6r v\u00e5r r\u00e4kning, s\u00e5som dataanalys, f\u00f6r de \u00e4ndam\u00e5l som beskrivs i denna sekretesspolicy. Vi ger inte v\u00e5ra tj\u00e4nsteleverant\u00f6rer tillst\u00e5nd att anv\u00e4nda eller l\u00e4mna ut informationen annat \u00e4n om det \u00e4r n\u00f6dv\u00e4ndigt f\u00f6r att utf\u00f6ra tj\u00e4nster f\u00f6r v\u00e5r r\u00e4kning eller f\u00f6r att uppfylla r\u00e4ttsliga krav.  <\/p>\n<p>Vi kan ocks\u00e5 l\u00e4mna ut information om dig (1) om vi \u00e4r skyldiga att g\u00f6ra det enligt lag eller juridisk process (till exempel ett domstolsbeslut eller en st\u00e4mning); (2) som svar p\u00e5 f\u00f6rfr\u00e5gningar fr\u00e5n myndigheter, till exempel brottsbek\u00e4mpande myndigheter; (3) f\u00f6r att fastst\u00e4lla, ut\u00f6va eller f\u00f6rsvara v\u00e5ra lagliga r\u00e4ttigheter; (4) n\u00e4r vi anser att utl\u00e4mnande \u00e4r n\u00f6dv\u00e4ndigt eller l\u00e4mpligt f\u00f6r att f\u00f6rhindra fysisk eller annan skada eller ekonomisk f\u00f6rlust; (5) i samband med en utredning av misst\u00e4nkt eller faktisk olaglig verksamhet; (6) i h\u00e4ndelse av att vi s\u00e4ljer eller \u00f6verf\u00f6r hela eller delar av v\u00e5r verksamhet eller v\u00e5ra tillg\u00e5ngar (inklusive i h\u00e4ndelse av omorganisation, uppl\u00f6sning eller likvidation); eller (7) p\u00e5 annat s\u00e4tt med ditt samtycke.<\/p>\n<h3>\u00d6verf\u00f6ring av data<\/h3>\n<p>Vi kan komma att \u00f6verf\u00f6ra de personuppgifter vi samlar in om dig till mottagare (inklusive v\u00e5ra dotterbolag och n\u00e4rst\u00e5ende bolag samt tredjepartsleverant\u00f6rer av tj\u00e4nster) i andra l\u00e4nder \u00e4n det land d\u00e4r uppgifterna ursprungligen samlades in. Dessa l\u00e4nder kanske inte har samma dataskyddslagar som det land d\u00e4r du ursprungligen tillhandah\u00f6ll informationen. <\/p>\n<p>N\u00e4r vi \u00f6verf\u00f6r din information till mottagare i andra l\u00e4nder (t.ex. USA) kommer vi att skydda den informationen p\u00e5 det s\u00e4tt som beskrivs i denna integritetspolicy.<\/p>\n<h3>Dina r\u00e4ttigheter och valm\u00f6jligheter<\/h3>\n<p>I den utstr\u00e4ckning som f\u00f6reskrivs i till\u00e4mplig lag kan du (1) beg\u00e4ra tillg\u00e5ng till de personuppgifter vi har om dig; (2) beg\u00e4ra att vi uppdaterar, korrigerar, \u00e4ndrar, raderar eller begr\u00e4nsar informationen; eller (3) ut\u00f6va din r\u00e4tt till dataportabilitet genom att kontakta oss enligt nedan. Beroende p\u00e5 var du befinner dig kan du ha r\u00e4tt att l\u00e4mna in ett klagom\u00e5l till en statlig tillsynsmyndighet om du inte \u00e4r n\u00f6jd med v\u00e5rt svar. D\u00e4r s\u00e5 f\u00f6reskrivs i lag kan du \u00e5terkalla ett samtycke som du tidigare l\u00e4mnat till oss eller n\u00e4r som helst inv\u00e4nda mot behandlingen av dina personuppgifter av legitima sk\u00e4l som r\u00f6r din s\u00e4rskilda situation, och vi kommer att till\u00e4mpa dina preferenser fram\u00f6ver. F\u00f6r att skydda din integritet och uppr\u00e4tth\u00e5lla s\u00e4kerheten kan vi vidta \u00e5tg\u00e4rder f\u00f6r att verifiera din identitet innan vi ger dig tillg\u00e5ng till din information. I den utstr\u00e4ckning det \u00e4r till\u00e5tet enligt till\u00e4mplig lag kan en avgift tillkomma innan vi ger dig en kopia av n\u00e5gon av dina personuppgifter som vi har.    <\/p>\n<h3><\/h3>\n<p>Tj\u00e4nster och integrationer fr\u00e5n tredje part<\/p>\n<p>Vi kan anv\u00e4nda tredjepartsleverant\u00f6rer p\u00e5 webbplatsen, till exempel HeadQ.io, f\u00f6r att m\u00f6jligg\u00f6ra funktioner som formul\u00e4r f\u00f6r offertf\u00f6rfr\u00e5gningar. Dessa leverant\u00f6rer kan samla in och behandla personuppgifter f\u00f6r v\u00e5r r\u00e4kning. S\u00e5dan information anv\u00e4nds endast i syfte att hantera din beg\u00e4ran och i enlighet med denna Integritetspolicy. Vi s\u00e4kerst\u00e4ller att v\u00e5ra leverant\u00f6rer f\u00f6ljer l\u00e4mpliga dataskyddsrutiner.   <\/p>\n<p><span style=\"color: var(--awb-text-color); font-family: var(--awb-text-font-family); font-size: var(--awb-font-size); font-style: var(--awb-text-font-style); font-weight: var(--awb-text-font-weight); letter-spacing: var(--awb-letter-spacing); text-align: var(--awb-content-alignment); text-transform: var(--awb-text-transform); background-color: var(--awb-bg-color-hover);\">Webbplatsen kan ocks\u00e5 inneh\u00e5lla l\u00e4nkar eller integrationer med externa webbplatser eller tj\u00e4nster f\u00f6r din bekv\u00e4mlighet och information (t.ex. Facebook, Instagram, LinkedIn och andra sociala medieplattformar). Dessa tj\u00e4nster och funktioner kan fungera oberoende av CTN och regleras av deras egna sekretesspolicyer. Vi uppmuntrar dig starkt att granska dessa policyer, eftersom CTN inte ansvarar f\u00f6r sekretesspraxis eller inneh\u00e5ll i n\u00e5gra tredjepartstj\u00e4nster som inte kontrolleras av oss.  <\/span><\/p>\n<p><span style=\"color: var(--h3_typography-color); font-family: var(--h3_typography-font-family); font-size: var(--h3_typography-font-size); font-style: var(--h3_typography-font-style,normal); font-weight: var(--h3_typography-font-weight); letter-spacing: var(--h3_typography-letter-spacing); text-transform: var(--h3_typography-text-transform); text-align: var(--awb-content-alignment); background-color: var(--awb-bg-color-hover);\">Bevarande av personlig information<\/span><\/p>\n<p>I den utstr\u00e4ckning som till\u00e5ts enligt till\u00e4mplig lag beh\u00e5ller vi personuppgifter som vi erh\u00e5ller om dig s\u00e5 l\u00e4nge som (1) de beh\u00f6vs f\u00f6r de \u00e4ndam\u00e5l f\u00f6r vilka vi erh\u00f6ll dem, i enlighet med best\u00e4mmelserna i denna integritetspolicy, eller (2) vi har en annan laglig grund f\u00f6r att beh\u00e5lla uppgifterna ut\u00f6ver den period under vilken de \u00e4r n\u00f6dv\u00e4ndiga f\u00f6r att uppfylla det ursprungliga syftet med att samla in uppgifterna.<\/p>\n<h3>Hur vi skyddar personlig information<\/h3>\n<p>Vi uppr\u00e4tth\u00e5ller administrativa, tekniska och fysiska skydds\u00e5tg\u00e4rder som \u00e4r utformade f\u00f6r att skydda personlig information som vi f\u00e5r via webbplatsen mot oavsiktlig, olaglig eller obeh\u00f6rig f\u00f6rst\u00f6relse, f\u00f6rlust, \u00e4ndring, \u00e5tkomst, avsl\u00f6jande eller anv\u00e4ndning.<\/p>\n<h3>Personlig information om barn<\/h3>\n<p><span style=\"color: var(--awb-text-color); font-family: var(--awb-text-font-family); font-size: var(--awb-font-size); font-style: var(--awb-text-font-style); font-weight: var(--awb-text-font-weight); letter-spacing: var(--awb-letter-spacing); text-align: var(--awb-content-alignment); text-transform: var(--awb-text-transform); background-color: var(--awb-bg-color-hover);\">Webbplatsen \u00e4r inte riktad till barn under 13 \u00e5r. Vi samlar inte medvetet in personuppgifter fr\u00e5n barn. Om du tror att ett barn har l\u00e4mnat personuppgifter till oss, v\u00e4nligen kontakta oss s\u00e5 tar vi bort informationen.  <\/span><\/p>\n<p><span style=\"color: var(--h3_typography-color); font-family: var(--h3_typography-font-family); font-size: var(--h3_typography-font-size); font-style: var(--h3_typography-font-style,normal); font-weight: var(--h3_typography-font-weight); letter-spacing: var(--h3_typography-letter-spacing); text-transform: var(--h3_typography-text-transform); text-align: var(--awb-content-alignment); background-color: var(--awb-bg-color-hover);\">Policyuppdateringar<\/span><\/p>\n<p><span style=\"color: var(--awb-text-color); font-family: var(--awb-text-font-family); font-size: var(--awb-font-size); font-style: var(--awb-text-font-style); font-weight: var(--awb-text-font-weight); letter-spacing: var(--awb-letter-spacing); text-align: var(--awb-content-alignment); text-transform: var(--awb-text-transform); background-color: var(--awb-bg-color-hover);\">Vi kan komma att uppdatera denna integritetspolicy fr\u00e5n tid till annan. Vi kommer att ange det senaste revisionsdatumet h\u00f6gst upp p\u00e5 denna sida. Vi uppmuntrar dig att l\u00e4sa igenom denna sida med j\u00e4mna mellanrum.  <\/span><\/p>\n<p><span style=\"color: var(--h3_typography-color); font-family: var(--h3_typography-font-family); font-size: var(--h3_typography-font-size); font-style: var(--h3_typography-font-style,normal); font-weight: var(--h3_typography-font-weight); letter-spacing: var(--h3_typography-letter-spacing); text-transform: var(--h3_typography-text-transform); text-align: var(--awb-content-alignment); background-color: var(--awb-bg-color-hover);\">Hur du kontaktar oss<\/span><\/p>\n<p>F\u00f6r att uppdatera dina preferenser, uppdatera eller korrigera din information, skicka in en beg\u00e4ran, st\u00e4lla fr\u00e5gor till oss om denna integritetspolicy eller ut\u00f6va andra till\u00e4mpliga integritetsr\u00e4ttigheter, v\u00e4nligen kontakta oss via e-post.<\/p>\n<\/div><\/div><\/div><\/div><\/div><\/p>\n","protected":false},"excerpt":{"rendered":"","protected":false},"author":1,"featured_media":0,"parent":0,"menu_order":0,"comment_status":"closed","ping_status":"open","template":"","meta":{"_acf_changed":false,"footnotes":""},"class_list":["post-26890","page","type-page","status-publish","hentry"],"acf":[],"yoast_head":"<title>Advanced Recovery Devices l CTN Group - Integritetspolicy - CTN<\/title>\n<meta name=\"description\" content=\"L\u00e4s CTN:s integritetspolicy f\u00f6r att f\u00f6rst\u00e5 hur vi samlar in, anv\u00e4nder och skyddar din personliga information. Lita p\u00e5 att vi prioriterar din integritet och s\u00e4kerhet\" \/>\n<meta name=\"robots\" content=\"index, follow, max-snippet:-1, max-image-preview:large, max-video-preview:-1\" \/>\n<link rel=\"canonical\" href=\"https:\/\/ctn.fi\/sv\/integritetspolicy\/\" \/>\n<meta property=\"og:locale\" content=\"sv_SE\" \/>\n<meta property=\"og:type\" content=\"article\" \/>\n<meta property=\"og:title\" content=\"Integritetspolicy\" \/>\n<meta property=\"og:description\" content=\"L\u00e4s CTN:s integritetspolicy f\u00f6r att f\u00f6rst\u00e5 hur vi samlar in, anv\u00e4nder och skyddar din personliga information. Lita p\u00e5 att vi prioriterar din integritet och s\u00e4kerhet\" \/>\n<meta property=\"og:url\" content=\"https:\/\/ctn.fi\/sv\/integritetspolicy\/\" \/>\n<meta property=\"og:site_name\" content=\"CTN\" \/>\n<meta property=\"article:publisher\" content=\"https:\/\/facebook.com\/cryotechnordic\" \/>\n<meta property=\"article:modified_time\" content=\"2026-03-22T11:01:09+00:00\" \/>\n<meta name=\"twitter:card\" content=\"summary_large_image\" \/>\n<meta name=\"twitter:site\" content=\"@cryotechnordic\" \/>\n<meta name=\"twitter:label1\" content=\"Ber\u00e4knad l\u00e4stid\" \/>\n\t<meta name=\"twitter:data1\" content=\"12 minuter\" \/>\n<script type=\"application\/ld+json\" class=\"yoast-schema-graph\">{\"@context\":\"https:\/\/schema.org\",\"@graph\":[{\"@type\":\"WebPage\",\"@id\":\"https:\/\/ctn.fi\/sv\/integritetspolicy\/\",\"url\":\"https:\/\/ctn.fi\/sv\/integritetspolicy\/\",\"name\":\"Advanced Recovery Devices l CTN Group - Integritetspolicy - CTN\",\"isPartOf\":{\"@id\":\"https:\/\/ctn.fi\/sv\/#website\"},\"datePublished\":\"2026-03-22T11:01:08+00:00\",\"dateModified\":\"2026-03-22T11:01:09+00:00\",\"description\":\"L\u00e4s CTN:s integritetspolicy f\u00f6r att f\u00f6rst\u00e5 hur vi samlar in, anv\u00e4nder och skyddar din personliga information. Lita p\u00e5 att vi prioriterar din integritet och s\u00e4kerhet\",\"breadcrumb\":{\"@id\":\"https:\/\/ctn.fi\/sv\/integritetspolicy\/#breadcrumb\"},\"inLanguage\":\"sv-SE\",\"potentialAction\":[{\"@type\":\"ReadAction\",\"target\":[\"https:\/\/ctn.fi\/sv\/integritetspolicy\/\"]}]},{\"@type\":\"BreadcrumbList\",\"@id\":\"https:\/\/ctn.fi\/sv\/integritetspolicy\/#breadcrumb\",\"itemListElement\":[{\"@type\":\"ListItem\",\"position\":1,\"name\":\"Home\",\"item\":\"https:\/\/ctn.fi\/sv\/\"},{\"@type\":\"ListItem\",\"position\":2,\"name\":\"Integritetspolicy\"}]},{\"@type\":\"WebSite\",\"@id\":\"https:\/\/ctn.fi\/sv\/#website\",\"url\":\"https:\/\/ctn.fi\/sv\/\",\"name\":\"CTN.FI\",\"description\":\"\",\"publisher\":{\"@id\":\"https:\/\/ctn.fi\/sv\/#organization\"},\"potentialAction\":[{\"@type\":\"SearchAction\",\"target\":{\"@type\":\"EntryPoint\",\"urlTemplate\":\"https:\/\/ctn.fi\/sv\/?s={search_term_string}\"},\"query-input\":{\"@type\":\"PropertyValueSpecification\",\"valueRequired\":true,\"valueName\":\"search_term_string\"}}],\"inLanguage\":\"sv-SE\"},{\"@type\":\"Organization\",\"@id\":\"https:\/\/ctn.fi\/sv\/#organization\",\"name\":\"CTN Group\",\"url\":\"https:\/\/ctn.fi\/sv\/\",\"logo\":{\"@type\":\"ImageObject\",\"inLanguage\":\"sv-SE\",\"@id\":\"https:\/\/ctn.fi\/sv\/#\/schema\/logo\/image\/\",\"url\":\"https:\/\/ctn.fi\/wp-content\/uploads\/2024\/10\/recovery-technologies-logo.png\",\"contentUrl\":\"https:\/\/ctn.fi\/wp-content\/uploads\/2024\/10\/recovery-technologies-logo.png\",\"width\":2000,\"height\":1000,\"caption\":\"CTN Group\"},\"image\":{\"@id\":\"https:\/\/ctn.fi\/sv\/#\/schema\/logo\/image\/\"},\"sameAs\":[\"https:\/\/facebook.com\/cryotechnordic\",\"https:\/\/x.com\/cryotechnordic\",\"https:\/\/instagram.com\/ctn.fi\"]}]}<\/script>","yoast_head_json":{"title":"Advanced Recovery Devices l CTN Group - Integritetspolicy - CTN","description":"L\u00e4s CTN:s integritetspolicy f\u00f6r att f\u00f6rst\u00e5 hur vi samlar in, anv\u00e4nder och skyddar din personliga information. Lita p\u00e5 att vi prioriterar din integritet och s\u00e4kerhet","robots":{"index":"index","follow":"follow","max-snippet":"max-snippet:-1","max-image-preview":"max-image-preview:large","max-video-preview":"max-video-preview:-1"},"canonical":"https:\/\/ctn.fi\/sv\/integritetspolicy\/","og_locale":"sv_SE","og_type":"article","og_title":"Integritetspolicy","og_description":"L\u00e4s CTN:s integritetspolicy f\u00f6r att f\u00f6rst\u00e5 hur vi samlar in, anv\u00e4nder och skyddar din personliga information. Lita p\u00e5 att vi prioriterar din integritet och s\u00e4kerhet","og_url":"https:\/\/ctn.fi\/sv\/integritetspolicy\/","og_site_name":"CTN","article_publisher":"https:\/\/facebook.com\/cryotechnordic","article_modified_time":"2026-03-22T11:01:09+00:00","twitter_card":"summary_large_image","twitter_site":"@cryotechnordic","twitter_misc":{"Ber\u00e4knad l\u00e4stid":"12 minuter"},"schema":{"@context":"https:\/\/schema.org","@graph":[{"@type":"WebPage","@id":"https:\/\/ctn.fi\/sv\/integritetspolicy\/","url":"https:\/\/ctn.fi\/sv\/integritetspolicy\/","name":"Advanced Recovery Devices l CTN Group - Integritetspolicy - CTN","isPartOf":{"@id":"https:\/\/ctn.fi\/sv\/#website"},"datePublished":"2026-03-22T11:01:08+00:00","dateModified":"2026-03-22T11:01:09+00:00","description":"L\u00e4s CTN:s integritetspolicy f\u00f6r att f\u00f6rst\u00e5 hur vi samlar in, anv\u00e4nder och skyddar din personliga information. Lita p\u00e5 att vi prioriterar din integritet och s\u00e4kerhet","breadcrumb":{"@id":"https:\/\/ctn.fi\/sv\/integritetspolicy\/#breadcrumb"},"inLanguage":"sv-SE","potentialAction":[{"@type":"ReadAction","target":["https:\/\/ctn.fi\/sv\/integritetspolicy\/"]}]},{"@type":"BreadcrumbList","@id":"https:\/\/ctn.fi\/sv\/integritetspolicy\/#breadcrumb","itemListElement":[{"@type":"ListItem","position":1,"name":"Home","item":"https:\/\/ctn.fi\/sv\/"},{"@type":"ListItem","position":2,"name":"Integritetspolicy"}]},{"@type":"WebSite","@id":"https:\/\/ctn.fi\/sv\/#website","url":"https:\/\/ctn.fi\/sv\/","name":"CTN.FI","description":"","publisher":{"@id":"https:\/\/ctn.fi\/sv\/#organization"},"potentialAction":[{"@type":"SearchAction","target":{"@type":"EntryPoint","urlTemplate":"https:\/\/ctn.fi\/sv\/?s={search_term_string}"},"query-input":{"@type":"PropertyValueSpecification","valueRequired":true,"valueName":"search_term_string"}}],"inLanguage":"sv-SE"},{"@type":"Organization","@id":"https:\/\/ctn.fi\/sv\/#organization","name":"CTN Group","url":"https:\/\/ctn.fi\/sv\/","logo":{"@type":"ImageObject","inLanguage":"sv-SE","@id":"https:\/\/ctn.fi\/sv\/#\/schema\/logo\/image\/","url":"https:\/\/ctn.fi\/wp-content\/uploads\/2024\/10\/recovery-technologies-logo.png","contentUrl":"https:\/\/ctn.fi\/wp-content\/uploads\/2024\/10\/recovery-technologies-logo.png","width":2000,"height":1000,"caption":"CTN Group"},"image":{"@id":"https:\/\/ctn.fi\/sv\/#\/schema\/logo\/image\/"},"sameAs":["https:\/\/facebook.com\/cryotechnordic","https:\/\/x.com\/cryotechnordic","https:\/\/instagram.com\/ctn.fi"]}]}},"_links":{"self":[{"href":"https:\/\/ctn.fi\/sv\/wp-json\/wp\/v2\/pages\/26890"}],"collection":[{"href":"https:\/\/ctn.fi\/sv\/wp-json\/wp\/v2\/pages"}],"about":[{"href":"https:\/\/ctn.fi\/sv\/wp-json\/wp\/v2\/types\/page"}],"author":[{"embeddable":true,"href":"https:\/\/ctn.fi\/sv\/wp-json\/wp\/v2\/users\/1"}],"replies":[{"embeddable":true,"href":"https:\/\/ctn.fi\/sv\/wp-json\/wp\/v2\/comments?post=26890"}],"version-history":[{"count":2,"href":"https:\/\/ctn.fi\/sv\/wp-json\/wp\/v2\/pages\/26890\/revisions"}],"predecessor-version":[{"id":26892,"href":"https:\/\/ctn.fi\/sv\/wp-json\/wp\/v2\/pages\/26890\/revisions\/26892"}],"wp:attachment":[{"href":"https:\/\/ctn.fi\/sv\/wp-json\/wp\/v2\/media?parent=26890"}],"curies":[{"name":"wp","href":"https:\/\/api.w.org\/{rel}","templated":true}]}}