{"id":26921,"date":"2026-03-22T13:47:14","date_gmt":"2026-03-22T11:47:14","guid":{"rendered":"https:\/\/ctn.fi\/villkor-och-anvisningar\/"},"modified":"2026-03-22T13:47:15","modified_gmt":"2026-03-22T11:47:15","slug":"villkor-och-anvisningar","status":"publish","type":"page","link":"https:\/\/ctn.fi\/sv\/villkor-och-anvisningar\/","title":{"rendered":"Villkor och anvisningar"},"content":{"rendered":"\t\t<div data-elementor-type=\"wp-page\" data-elementor-id=\"26921\" class=\"elementor elementor-26921 elementor-4195\" data-elementor-post-type=\"page\">\n\t\t\t\t<div class=\"elementor-element elementor-element-5383bbdc e-flex e-con-boxed e-con e-parent\" data-id=\"5383bbdc\" data-element_type=\"container\">\n\t\t\t\t\t<div class=\"e-con-inner\">\n\t\t\t\t<div class=\"elementor-element elementor-element-8382b63 elementor-widget elementor-widget-heading\" data-id=\"8382b63\" data-element_type=\"widget\" data-widget_type=\"heading.default\">\n\t\t\t\t<div class=\"elementor-widget-container\">\n\t\t\t<style>\/*! elementor - v3.21.0 - 30-04-2024 *\/\n.elementor-heading-title{padding:0;margin:0;line-height:1}.elementor-widget-heading .elementor-heading-title[class*=elementor-size-]>a{color:inherit;font-size:inherit;line-height:inherit}.elementor-widget-heading .elementor-heading-title.elementor-size-small{font-size:15px}.elementor-widget-heading .elementor-heading-title.elementor-size-medium{font-size:19px}.elementor-widget-heading .elementor-heading-title.elementor-size-large{font-size:29px}.elementor-widget-heading .elementor-heading-title.elementor-size-xl{font-size:39px}.elementor-widget-heading .elementor-heading-title.elementor-size-xxl{font-size:59px}<\/style><h2 class=\"elementor-heading-title elementor-size-default\">Villkor och anvisningar<\/h2>\t\t<\/div>\n\t\t\t\t<\/div>\n\t\t\t\t<div class=\"elementor-element elementor-element-1475070b elementor-widget elementor-widget-text-editor\" data-id=\"1475070b\" data-element_type=\"widget\" data-widget_type=\"text-editor.default\">\n\t\t\t\t<div class=\"elementor-widget-container\">\n\t\t\t<style>\/*! elementor - v3.21.0 - 30-04-2024 *\/\n.elementor-widget-text-editor.elementor-drop-cap-view-stacked .elementor-drop-cap{background-color:#69727d;color:#fff}.elementor-widget-text-editor.elementor-drop-cap-view-framed .elementor-drop-cap{color:#69727d;border:3px solid;background-color:transparent}.elementor-widget-text-editor:not(.elementor-drop-cap-view-default) .elementor-drop-cap{margin-top:8px}.elementor-widget-text-editor:not(.elementor-drop-cap-view-default) .elementor-drop-cap-letter{width:1em;height:1em}.elementor-widget-text-editor .elementor-drop-cap{float:left;text-align:center;line-height:1;font-size:50px}.elementor-widget-text-editor .elementor-drop-cap-letter{display:inline-block}<\/style>\t\t\t\t<p>Dessa allm\u00e4nna villkor (&#8221;Villkor&#8221;) reglerar anv\u00e4ndningen av denna webbplats samt f\u00f6rs\u00e4ljning och leverans av produkter fr\u00e5n Cryotech Finland Oy Ltd. (FO-nummer: 2538687-8), registrerat p\u00e5 Jaakonkatu 2, 01620 Vantaa, Finland (&#8221;CTN&#8221;, &#8221;vi&#8221;, &#8221;oss&#8221;). Genom att anv\u00e4nda denna webbplats eller g\u00f6ra en best\u00e4llning godk\u00e4nner du dessa villkor.<\/p><p> <\/p><p><b>1. Villkorens omfattning<\/b><\/p><p>Om inte annat skriftligen avtalats g\u00e4ller dessa villkor f\u00f6r alla best\u00e4llningar och utg\u00f6r tillsammans med avtalet mellan CTN och kunden:<\/p><p><i>&#8211; till\u00e4mpliga prislistor<\/i><\/p><p><i>&#8211; best\u00e4lla dokument<\/i><\/p><p><i>&#8211; orderbekr\u00e4ftelser<\/i><\/p><p><i>&#8211; och alla dokument som det h\u00e4nvisas till d\u00e4ri<\/i><\/p><p> <\/p><p>Vid eventuell avvikelse ska orderbekr\u00e4ftelsen \u00e4ga f\u00f6retr\u00e4de.<\/p><p><b> <\/b><\/p><p><b>2. Anv\u00e4ndning av webbplatsen<\/b><\/p><p><b> <\/b><\/p><p>Du samtycker till att anv\u00e4nda denna webbplats endast f\u00f6r lagliga \u00e4ndam\u00e5l. Du f\u00e5r inte: <\/p><p><i>&#8211; missbruka, hacka eller st\u00f6ra webbplatsen<\/i><\/p><p><i>&#8211; kopiera eller anv\u00e4nda inneh\u00e5ll f\u00f6r kommersiella \u00e4ndam\u00e5l utan tillst\u00e5nd<\/i><\/p><p><i>&#8211; f\u00f6rs\u00f6ka f\u00e5 obeh\u00f6rig \u00e5tkomst till system eller data<\/i><\/p><p> <\/p><p>Vi f\u00f6rbeh\u00e5ller oss r\u00e4tten att begr\u00e4nsa eller avsluta \u00e5tkomst om missbruk uppt\u00e4cks.<\/p><p><b> <\/b><\/p><p><b>3. Ansvarsfriskrivning f\u00f6r produkter och yrkesm\u00e4ssig anv\u00e4ndning<\/b><\/p><p><b> <\/b><\/p><p>CTN:s produkter \u00e4r i f\u00f6rsta hand avsedda f\u00f6r professionellt bruk. All information som tillhandah\u00e5lls p\u00e5 denna webbplats \u00e4r endast avsedd f\u00f6r allm\u00e4n information och utg\u00f6r inte medicinsk r\u00e5dgivning. CTN-produkter \u00e4r inte avsedda att diagnostisera, behandla, bota eller f\u00f6rebygga n\u00e5gon sjukdom.  <\/p><p> <\/p><p>Anv\u00e4ndaren\/operat\u00f6ren \u00e4r ansvarig f\u00f6r:<\/p><p><i>&#8211; korrekt utbildning och anv\u00e4ndning av utrustning<\/i><\/p><p><i>&#8211; efterlevnad av lokala lagar och f\u00f6rordningar<\/i><\/p><p><i>&#8211; f\u00f6lja alla s\u00e4kerhetsinstruktioner, protokoll och manualer<\/i><\/p><p><i> <\/i><\/p><p><b>4. Best\u00e4llningar och avtalsskrivning<\/b><\/p><p><b> <\/b><\/p><p>En offert eller ett kostnadsf\u00f6rslag utg\u00f6r inte ett bindande avtal.<\/p><p> <\/p><p>Ett avtal kommer till st\u00e5nd f\u00f6rst n\u00e4r:<\/p><p><i>&#8211; en order skriftligen bekr\u00e4ftas av CTN, och<\/i><\/p><p><i>&#8211; eventuell \u00f6verenskommen deposition har mottagits<\/i><\/p><p> <\/p><p>Om inget annat avtalats kr\u00e4vs en icke \u00e5terbetalningsbar deposition p\u00e5 50% innan produktion eller leverans p\u00e5b\u00f6rjas.<\/p><p><b> <\/b><\/p><p><b>5. Priss\u00e4ttning &amp; skatter<\/b><\/p><p><b> <\/b><\/p><p><i>&#8211; Priserna inkluderar inte leveranskostnader om inget annat anges<\/i><\/p><p><i>&#8211; Priserna inkluderar inte skatter eller avgifter utanf\u00f6r EU Moms<\/i><\/p><p><i>&#8211; K\u00f6paren \u00e4r ansvarig f\u00f6r eventuella till\u00e4mpliga skatter, tullar eller importavgifter<\/i><\/p><p> <\/p><p>Vi f\u00f6rbeh\u00e5ller oss r\u00e4tten att justera priser d\u00e4r s\u00e5 \u00e4r m\u00f6jligt:<\/p><p><i>&#8211; produktionskostnaderna \u00f6kar<\/i><\/p><p><i>&#8211; order specifikationer \u00e4ndring<\/i><\/p><p><i>&#8211; p\u00e5skyndad eller speciell leverans beg\u00e4rs<\/i><\/p><p><i> <\/i><\/p><p><b>6. Betalningsvillkor<\/b><\/p><p><b> <\/b><\/p><p>Om inte annat \u00f6verenskommits skriftligen:<\/p><p><i>&#8211; resterande belopp m\u00e5ste betalas inom 30 dagar efter fakturering<\/i><\/p><p><i>&#8211; full betalning m\u00e5ste vara genomf\u00f6rd f\u00f6re leverans<\/i><\/p><p> <\/p><p>F\u00f6r k\u00f6p i webbshop sker betalning i kassan med hj\u00e4lp av metoder som st\u00f6ds. Betalningar behandlas av Paytrail Oyj, en licensierad leverant\u00f6r av betaltj\u00e4nster. <\/p><p> <\/p><p>F\u00f6rsenade betalningar kan leda till:<\/p><p><i>&#8211; r\u00e4ntekostnader<\/i><\/p><p><i>&#8211; kostnader f\u00f6r insamling<\/i><\/p><p><i>&#8211; avbrytande eller annullering av leverans<\/i><\/p><p><i> <\/i><\/p><p><b>7. Leverans &amp; risk<\/b><\/p><p><b> <\/b><\/p><p>Vi str\u00e4var efter att leverera inom \u00f6verenskomna tidsramar, men f\u00f6rseningar kan uppst\u00e5 p\u00e5 grund av omst\u00e4ndigheter utanf\u00f6r v\u00e5r kontroll (force majeure).<\/p><p> <\/p><p>Risken \u00f6verg\u00e5r till kunden:<\/p><p><i>&#8211; vid avs\u00e4ndandet, eller<\/i><\/p><p><i>&#8211; vid leverans, oavsett mottagande<\/i><\/p><p>Kunden \u00e4r ansvarig f\u00f6r att s\u00e4kerst\u00e4lla korrekta leveransuppgifter.<\/p><p><b> <\/b><\/p><p><b>8. Besiktning &amp; reklamationer<\/b><\/p><p><b> <\/b><\/p><p>Kunden m\u00e5ste inspektera varorna vid leverans. Eventuella fel eller brister m\u00e5ste rapporteras skriftligen inom 14 dagar efter uppt\u00e4ckten. Transportrelaterade skador m\u00e5ste hanteras med transport\u00f6ren eller f\u00f6rs\u00e4kringsbolaget.  <\/p><p><b> <\/b><\/p><p><b>9. Garanti<\/b><\/p><p><b> <\/b><\/p><p>CTN l\u00e4mnar 12 m\u00e5naders fabriksgaranti fr\u00e5n och med leveransdatum.<\/p><p> <\/p><p>Garantin omfattar:<\/p><p>&#8211; reservdelar och komponenter<\/p><p>Garantin t\u00e4cker inte:<\/p><p><i>&#8211; felaktig anv\u00e4ndning, felaktig hantering eller f\u00f6rsummelse<\/i><\/p><p><i>&#8211; felaktig installation eller felaktigt underh\u00e5ll<\/i><\/p><p> <\/p><p>F\u00f6r distribut\u00f6rer\/import\u00f6rer:<\/p><p><i>&#8211; garantin omfattar delar och frakt<\/i><\/p><p><i>&#8211; lokala kostnader (tull, installation etc.) \u00e4r kundens ansvar<\/i><\/p><p><i> <\/i><\/p><p><b>10. Returer och konsumentr\u00e4ttigheter<\/b><\/p><p><b> <\/b><\/p><p>Privatkonsumenter (enligt definitionen i den finska konsumentskyddslagen) har r\u00e4tt att \u00e5ngra ett k\u00f6p inom 14 dagar efter leveransen.<\/p><p> <\/p><p>Villkor:<\/p><p><i>&#8211; Produkterna m\u00e5ste vara oanv\u00e4nda utom f\u00f6r inspektion.<\/i><\/p><p><i>&#8211; returer m\u00e5ste meddelas skriftligen<\/i><\/p><p> <\/p><p>CTN f\u00f6rbeh\u00e5ller sig r\u00e4tten att reducera \u00e5terbetalningen om produkterna visar tecken p\u00e5 anv\u00e4ndning eller skada.<\/p><p>Denna klausul g\u00e4ller inte f\u00f6r B2B-kunder.<\/p><p><b> <\/b><\/p><p><b>11. Anv\u00e4ndning, s\u00e4kerhet och efterlevnad<\/b><\/p><p><b> <\/b><\/p><p>Kunderna m\u00e5ste:<\/p><p><i>&#8211; f\u00f6lja alla bruksanvisningar och manualer<\/i><\/p><p><i>&#8211; f\u00f6lja h\u00e4lso- och s\u00e4kerhetsf\u00f6reskrifter<\/i><\/p><p><i>&#8211; s\u00e4kerst\u00e4lla korrekt underh\u00e5ll och professionell anv\u00e4ndning<\/i><\/p><p> <\/p><p>Underl\u00e5tenhet att f\u00f6lja detta kan leda till f\u00f6rlust av garanti och ansvar.<\/p><p><b> <\/b><\/p><p><b>12. Begr\u00e4nsning av ansvar<\/b><\/p><p><b> <\/b><\/p><p>I st\u00f6rsta m\u00f6jliga utstr\u00e4ckning som till\u00e5ts enligt lag:<\/p><p><i>&#8211; CTN \u00e4r inte ansvarigt f\u00f6r indirekta skador eller f\u00f6ljdskador<\/i><\/p><p><i>&#8211; det totala ansvaret ska inte \u00f6verstiga ink\u00f6pspriset f\u00f6r produkten<\/i><\/p><p> <\/p><p>Inget i dessa villkor begr\u00e4nsar r\u00e4ttigheter enligt tvingande till\u00e4mplig lag.<\/p><p><b> <\/b><\/p><p><b>13. Intellektuell egendom<\/b><\/p><p><b> <\/b><\/p><p>Allt inneh\u00e5ll p\u00e5 denna webbplats, inklusive text, bilder, varum\u00e4rken och produktmaterial, \u00e4gs av CTN eller dess licensgivare.<\/p><p>Inget inneh\u00e5ll f\u00e5r kopieras, reproduceras eller anv\u00e4ndas utan f\u00f6reg\u00e5ende skriftligt tillst\u00e5nd.<\/p><p>CTN beh\u00e5ller alla immateriella r\u00e4ttigheter relaterade till sina produkter, inklusive programvara.<\/p><p><b> <\/b><\/p><p><b>14. \u00c4ndringar av produkter och villkor<\/b><\/p><p><b> <\/b><\/p><p>Vi f\u00f6rbeh\u00e5ller oss r\u00e4tten att:<\/p><p><i>&#8211; \u00e4ndra produktspecifikationer utan f\u00f6reg\u00e5ende meddelande (utan att f\u00f6rs\u00e4mra kvaliteten)<\/i><\/p><p><i>&#8211; uppdatera dessa villkor n\u00e4r som helst<\/i><\/p><p> <\/p><p>Fortsatt anv\u00e4ndning av webbplatsen inneb\u00e4r godk\u00e4nnande av uppdaterade villkor.<\/p><p><b> <\/b><\/p><p><b>15. Tj\u00e4nster fr\u00e5n tredje part<\/b><\/p><p><b> <\/b><\/p><p>Best\u00e4llningar kan behandlas och fullg\u00f6ras av logistikpartner. Genom att g\u00f6ra en best\u00e4llning samtycker du till att n\u00f6dv\u00e4ndig information kan delas f\u00f6r leverans\u00e4ndam\u00e5l. CTN ansvarar inte f\u00f6r tredje parts webbplatser eller tj\u00e4nster som l\u00e4nkas fr\u00e5n denna webbplats.  <\/p><p> <\/p><p><b>16. Till\u00e4mplig lag<\/b><\/p><p> <\/p><p>Dessa villkor regleras av finsk lag.<\/p><p>Alla tvister som uppst\u00e5r i samband med dessa villkor ska l\u00f6sas i finska domstolar.<\/p><p><b> <\/b><\/p><p><b>17. Kontakt<\/b><\/p><p> <\/p><p>F\u00f6r fr\u00e5gor om dessa villkor, v\u00e4nligen kontakta:<\/p><p>Cryotech Finland Oy Ltd.<\/p><p>E-post: info@ctn.fi<\/p><p>Webbplats: www.ctn.fi<\/p>\t\t\t\t\t\t<\/div>\n\t\t\t\t<\/div>\n\t\t\t\t\t<\/div>\n\t\t\t\t<\/div>\n\t\t\t\t<\/div>\n\t\t","protected":false},"excerpt":{"rendered":"<p>Villkor och anvisningar Dessa allm\u00e4nna villkor (&#8221;Villkor&#8221;) reglerar anv\u00e4ndningen av [&hellip;]<\/p>\n","protected":false},"author":1,"featured_media":0,"parent":0,"menu_order":0,"comment_status":"closed","ping_status":"open","template":"","meta":{"_acf_changed":false,"footnotes":""},"class_list":["post-26921","page","type-page","status-publish","hentry"],"acf":[],"yoast_head":"<title>Villkor och best\u00e4mmelser | CTN.FI<\/title>\n<meta name=\"description\" content=\"L\u00e4s CTN:s allm\u00e4nna villkor som omfattar produktf\u00f6rs\u00e4ljning, garantier, betalningar och anv\u00e4ndning av webbplatsen.\" \/>\n<meta name=\"robots\" content=\"index, follow, max-snippet:-1, max-image-preview:large, max-video-preview:-1\" \/>\n<link rel=\"canonical\" href=\"https:\/\/ctn.fi\/sv\/villkor-och-anvisningar\/\" \/>\n<meta property=\"og:locale\" content=\"sv_SE\" \/>\n<meta property=\"og:type\" content=\"article\" \/>\n<meta property=\"og:title\" content=\"Villkor och anvisningar\" \/>\n<meta property=\"og:description\" content=\"L\u00e4s CTN:s allm\u00e4nna villkor som omfattar produktf\u00f6rs\u00e4ljning, garantier, betalningar och anv\u00e4ndning av webbplatsen.\" \/>\n<meta property=\"og:url\" content=\"https:\/\/ctn.fi\/sv\/villkor-och-anvisningar\/\" \/>\n<meta property=\"og:site_name\" content=\"CTN\" \/>\n<meta property=\"article:publisher\" content=\"https:\/\/facebook.com\/cryotechnordic\" \/>\n<meta property=\"article:modified_time\" content=\"2026-03-22T11:47:15+00:00\" \/>\n<meta name=\"twitter:card\" content=\"summary_large_image\" \/>\n<meta name=\"twitter:site\" content=\"@cryotechnordic\" \/>\n<meta name=\"twitter:label1\" content=\"Ber\u00e4knad l\u00e4stid\" \/>\n\t<meta name=\"twitter:data1\" content=\"5 minuter\" \/>\n<script type=\"application\/ld+json\" class=\"yoast-schema-graph\">{\"@context\":\"https:\/\/schema.org\",\"@graph\":[{\"@type\":\"WebPage\",\"@id\":\"https:\/\/ctn.fi\/sv\/villkor-och-anvisningar\/\",\"url\":\"https:\/\/ctn.fi\/sv\/villkor-och-anvisningar\/\",\"name\":\"Villkor och best\u00e4mmelser | CTN.FI\",\"isPartOf\":{\"@id\":\"https:\/\/ctn.fi\/sv\/#website\"},\"datePublished\":\"2026-03-22T11:47:14+00:00\",\"dateModified\":\"2026-03-22T11:47:15+00:00\",\"description\":\"L\u00e4s CTN:s allm\u00e4nna villkor som omfattar produktf\u00f6rs\u00e4ljning, garantier, betalningar och anv\u00e4ndning av webbplatsen.\",\"breadcrumb\":{\"@id\":\"https:\/\/ctn.fi\/sv\/villkor-och-anvisningar\/#breadcrumb\"},\"inLanguage\":\"sv-SE\",\"potentialAction\":[{\"@type\":\"ReadAction\",\"target\":[\"https:\/\/ctn.fi\/sv\/villkor-och-anvisningar\/\"]}]},{\"@type\":\"BreadcrumbList\",\"@id\":\"https:\/\/ctn.fi\/sv\/villkor-och-anvisningar\/#breadcrumb\",\"itemListElement\":[{\"@type\":\"ListItem\",\"position\":1,\"name\":\"Home\",\"item\":\"https:\/\/ctn.fi\/sv\/\"},{\"@type\":\"ListItem\",\"position\":2,\"name\":\"Villkor och anvisningar\"}]},{\"@type\":\"WebSite\",\"@id\":\"https:\/\/ctn.fi\/sv\/#website\",\"url\":\"https:\/\/ctn.fi\/sv\/\",\"name\":\"CTN.FI\",\"description\":\"\",\"publisher\":{\"@id\":\"https:\/\/ctn.fi\/sv\/#organization\"},\"potentialAction\":[{\"@type\":\"SearchAction\",\"target\":{\"@type\":\"EntryPoint\",\"urlTemplate\":\"https:\/\/ctn.fi\/sv\/?s={search_term_string}\"},\"query-input\":{\"@type\":\"PropertyValueSpecification\",\"valueRequired\":true,\"valueName\":\"search_term_string\"}}],\"inLanguage\":\"sv-SE\"},{\"@type\":\"Organization\",\"@id\":\"https:\/\/ctn.fi\/sv\/#organization\",\"name\":\"CTN Group\",\"url\":\"https:\/\/ctn.fi\/sv\/\",\"logo\":{\"@type\":\"ImageObject\",\"inLanguage\":\"sv-SE\",\"@id\":\"https:\/\/ctn.fi\/sv\/#\/schema\/logo\/image\/\",\"url\":\"https:\/\/ctn.fi\/wp-content\/uploads\/2024\/10\/recovery-technologies-logo.png\",\"contentUrl\":\"https:\/\/ctn.fi\/wp-content\/uploads\/2024\/10\/recovery-technologies-logo.png\",\"width\":2000,\"height\":1000,\"caption\":\"CTN Group\"},\"image\":{\"@id\":\"https:\/\/ctn.fi\/sv\/#\/schema\/logo\/image\/\"},\"sameAs\":[\"https:\/\/facebook.com\/cryotechnordic\",\"https:\/\/x.com\/cryotechnordic\",\"https:\/\/instagram.com\/ctn.fi\"]}]}<\/script>","yoast_head_json":{"title":"Villkor och best\u00e4mmelser | CTN.FI","description":"L\u00e4s CTN:s allm\u00e4nna villkor som omfattar produktf\u00f6rs\u00e4ljning, garantier, betalningar och anv\u00e4ndning av webbplatsen.","robots":{"index":"index","follow":"follow","max-snippet":"max-snippet:-1","max-image-preview":"max-image-preview:large","max-video-preview":"max-video-preview:-1"},"canonical":"https:\/\/ctn.fi\/sv\/villkor-och-anvisningar\/","og_locale":"sv_SE","og_type":"article","og_title":"Villkor och anvisningar","og_description":"L\u00e4s CTN:s allm\u00e4nna villkor som omfattar produktf\u00f6rs\u00e4ljning, garantier, betalningar och anv\u00e4ndning av webbplatsen.","og_url":"https:\/\/ctn.fi\/sv\/villkor-och-anvisningar\/","og_site_name":"CTN","article_publisher":"https:\/\/facebook.com\/cryotechnordic","article_modified_time":"2026-03-22T11:47:15+00:00","twitter_card":"summary_large_image","twitter_site":"@cryotechnordic","twitter_misc":{"Ber\u00e4knad l\u00e4stid":"5 minuter"},"schema":{"@context":"https:\/\/schema.org","@graph":[{"@type":"WebPage","@id":"https:\/\/ctn.fi\/sv\/villkor-och-anvisningar\/","url":"https:\/\/ctn.fi\/sv\/villkor-och-anvisningar\/","name":"Villkor och best\u00e4mmelser | CTN.FI","isPartOf":{"@id":"https:\/\/ctn.fi\/sv\/#website"},"datePublished":"2026-03-22T11:47:14+00:00","dateModified":"2026-03-22T11:47:15+00:00","description":"L\u00e4s CTN:s allm\u00e4nna villkor som omfattar produktf\u00f6rs\u00e4ljning, garantier, betalningar och anv\u00e4ndning av webbplatsen.","breadcrumb":{"@id":"https:\/\/ctn.fi\/sv\/villkor-och-anvisningar\/#breadcrumb"},"inLanguage":"sv-SE","potentialAction":[{"@type":"ReadAction","target":["https:\/\/ctn.fi\/sv\/villkor-och-anvisningar\/"]}]},{"@type":"BreadcrumbList","@id":"https:\/\/ctn.fi\/sv\/villkor-och-anvisningar\/#breadcrumb","itemListElement":[{"@type":"ListItem","position":1,"name":"Home","item":"https:\/\/ctn.fi\/sv\/"},{"@type":"ListItem","position":2,"name":"Villkor och anvisningar"}]},{"@type":"WebSite","@id":"https:\/\/ctn.fi\/sv\/#website","url":"https:\/\/ctn.fi\/sv\/","name":"CTN.FI","description":"","publisher":{"@id":"https:\/\/ctn.fi\/sv\/#organization"},"potentialAction":[{"@type":"SearchAction","target":{"@type":"EntryPoint","urlTemplate":"https:\/\/ctn.fi\/sv\/?s={search_term_string}"},"query-input":{"@type":"PropertyValueSpecification","valueRequired":true,"valueName":"search_term_string"}}],"inLanguage":"sv-SE"},{"@type":"Organization","@id":"https:\/\/ctn.fi\/sv\/#organization","name":"CTN Group","url":"https:\/\/ctn.fi\/sv\/","logo":{"@type":"ImageObject","inLanguage":"sv-SE","@id":"https:\/\/ctn.fi\/sv\/#\/schema\/logo\/image\/","url":"https:\/\/ctn.fi\/wp-content\/uploads\/2024\/10\/recovery-technologies-logo.png","contentUrl":"https:\/\/ctn.fi\/wp-content\/uploads\/2024\/10\/recovery-technologies-logo.png","width":2000,"height":1000,"caption":"CTN Group"},"image":{"@id":"https:\/\/ctn.fi\/sv\/#\/schema\/logo\/image\/"},"sameAs":["https:\/\/facebook.com\/cryotechnordic","https:\/\/x.com\/cryotechnordic","https:\/\/instagram.com\/ctn.fi"]}]}},"_links":{"self":[{"href":"https:\/\/ctn.fi\/sv\/wp-json\/wp\/v2\/pages\/26921"}],"collection":[{"href":"https:\/\/ctn.fi\/sv\/wp-json\/wp\/v2\/pages"}],"about":[{"href":"https:\/\/ctn.fi\/sv\/wp-json\/wp\/v2\/types\/page"}],"author":[{"embeddable":true,"href":"https:\/\/ctn.fi\/sv\/wp-json\/wp\/v2\/users\/1"}],"replies":[{"embeddable":true,"href":"https:\/\/ctn.fi\/sv\/wp-json\/wp\/v2\/comments?post=26921"}],"version-history":[{"count":1,"href":"https:\/\/ctn.fi\/sv\/wp-json\/wp\/v2\/pages\/26921\/revisions"}],"predecessor-version":[{"id":26922,"href":"https:\/\/ctn.fi\/sv\/wp-json\/wp\/v2\/pages\/26921\/revisions\/26922"}],"wp:attachment":[{"href":"https:\/\/ctn.fi\/sv\/wp-json\/wp\/v2\/media?parent=26921"}],"curies":[{"name":"wp","href":"https:\/\/api.w.org\/{rel}","templated":true}]}}